{"id":1376,"date":"2024-09-10T11:21:20","date_gmt":"2024-09-10T09:21:20","guid":{"rendered":"https:\/\/restauranteacquolina.es\/kontakt\/"},"modified":"2025-10-20T11:43:14","modified_gmt":"2025-10-20T09:43:14","slug":"kontakt","status":"publish","type":"page","link":"https:\/\/restauranteacquolina.es\/de\/kontakt\/","title":{"rendered":"Kontakt"},"content":{"rendered":"\t\t<div data-elementor-type=\"wp-page\" data-elementor-id=\"1376\" class=\"elementor elementor-1376 elementor-157\" data-elementor-post-type=\"page\">\n\t\t\t\t\t\t<section class=\"elementor-section elementor-top-section elementor-element elementor-element-5c1300180 elementor-section-full_width elementor-section-height-default elementor-section-height-default wpr-particle-no wpr-jarallax-no wpr-parallax-no wpr-sticky-section-no\" data-id=\"5c1300180\" data-element_type=\"section\" data-e-type=\"section\" data-settings=\"{&quot;background_background&quot;:&quot;classic&quot;}\">\n\t\t\t\t\t\t\t<div class=\"elementor-background-overlay\"><\/div>\n\t\t\t\t\t\t\t<div class=\"elementor-container elementor-column-gap-default\">\n\t\t\t\t\t<div class=\"elementor-column elementor-col-100 elementor-top-column elementor-element elementor-element-3e693759\" data-id=\"3e693759\" data-element_type=\"column\" data-e-type=\"column\">\n\t\t\t<div class=\"elementor-widget-wrap elementor-element-populated\">\n\t\t\t\t\t\t<div class=\"elementor-element elementor-element-135ea0ee elementor-widget elementor-widget-heading\" data-id=\"135ea0ee\" data-element_type=\"widget\" data-e-type=\"widget\" data-widget_type=\"heading.default\">\n\t\t\t\t<div class=\"elementor-widget-container\">\n\t\t\t\t\t<h1 class=\"elementor-heading-title elementor-size-default\">Kontakt und Standort<\/h1>\t\t\t\t<\/div>\n\t\t\t\t<\/div>\n\t\t\t\t<div class=\"elementor-element elementor-element-586c31c3 elementor-widget elementor-widget-text-editor\" data-id=\"586c31c3\" data-element_type=\"widget\" data-e-type=\"widget\" data-widget_type=\"text-editor.default\">\n\t\t\t\t<div class=\"elementor-widget-container\">\n\t\t\t\t\t\t\t\t\t<p>M\u00f6chten Sie uns kontaktieren, um eine Reservierung vorzunehmen? M\u00f6chten Sie uns einen Vorschlag machen? Oder m\u00f6chten Sie wissen, wo wir sind?  <\/p><p>Wir sind gerne f\u00fcr Sie da und machen Ihren Besuch zu einem unvergesslichen Erlebnis. Wir erwarten Sie im Acquolina Restaurant! <\/p>\t\t\t\t\t\t\t\t<\/div>\n\t\t\t\t<\/div>\n\t\t\t\t<div class=\"elementor-element elementor-element-a1cfb8f elementor-widget elementor-widget-image\" data-id=\"a1cfb8f\" data-element_type=\"widget\" data-e-type=\"widget\" data-widget_type=\"image.default\">\n\t\t\t\t<div class=\"elementor-widget-container\">\n\t\t\t\t\t\t\t\t\t\t\t\t\t\t\t<img fetchpriority=\"high\" decoding=\"async\" width=\"1599\" height=\"960\" src=\"https:\/\/restauranteacquolina.es\/wp-content\/uploads\/2024\/09\/Salon5.webp\" class=\"attachment-full size-full wp-image-1279\" alt=\"interior del restaurante sal\u00f3n principal\" srcset=\"https:\/\/restauranteacquolina.es\/wp-content\/uploads\/2024\/09\/Salon5.webp 1599w, https:\/\/restauranteacquolina.es\/wp-content\/uploads\/2024\/09\/Salon5-300x180.webp 300w, https:\/\/restauranteacquolina.es\/wp-content\/uploads\/2024\/09\/Salon5-1024x615.webp 1024w, https:\/\/restauranteacquolina.es\/wp-content\/uploads\/2024\/09\/Salon5-768x461.webp 768w, https:\/\/restauranteacquolina.es\/wp-content\/uploads\/2024\/09\/Salon5-1536x922.webp 1536w\" sizes=\"(max-width: 1599px) 100vw, 1599px\" \/>\t\t\t\t\t\t\t\t\t\t\t\t\t\t\t<\/div>\n\t\t\t\t<\/div>\n\t\t\t\t\t<\/div>\n\t\t<\/div>\n\t\t\t\t\t<\/div>\n\t\t<\/section>\n\t\t\t\t<section class=\"elementor-section elementor-top-section elementor-element elementor-element-d1863d5 elementor-section-boxed elementor-section-height-default elementor-section-height-default wpr-particle-no wpr-jarallax-no wpr-parallax-no wpr-sticky-section-no\" data-id=\"d1863d5\" data-element_type=\"section\" data-e-type=\"section\" data-settings=\"{&quot;background_background&quot;:&quot;classic&quot;}\">\n\t\t\t\t\t\t\t<div class=\"elementor-background-overlay\"><\/div>\n\t\t\t\t\t\t\t<div class=\"elementor-container elementor-column-gap-default\">\n\t\t\t\t\t<div class=\"elementor-column elementor-col-50 elementor-top-column elementor-element elementor-element-4339c88\" data-id=\"4339c88\" data-element_type=\"column\" data-e-type=\"column\">\n\t\t\t<div class=\"elementor-widget-wrap elementor-element-populated\">\n\t\t\t\t\t\t<div class=\"elementor-element elementor-element-af60387 elementor-widget elementor-widget-heading\" data-id=\"af60387\" data-element_type=\"widget\" data-e-type=\"widget\" data-widget_type=\"heading.default\">\n\t\t\t\t<div class=\"elementor-widget-container\">\n\t\t\t\t\t<h2 class=\"elementor-heading-title elementor-size-default\">UNSER ZEITPLAN<\/h2>\t\t\t\t<\/div>\n\t\t\t\t<\/div>\n\t\t\t\t<div class=\"elementor-element elementor-element-fa37ea2 elementor-invisible elementor-widget elementor-widget-text-editor\" data-id=\"fa37ea2\" data-element_type=\"widget\" data-e-type=\"widget\" data-settings=\"{&quot;_animation&quot;:&quot;zoomIn&quot;}\" data-widget_type=\"text-editor.default\">\n\t\t\t\t<div class=\"elementor-widget-container\">\n\t\t\t\t\t\t\t\t\t<p>DIENSTAG bis SONNTAG<\/p><p>ab 13:00 Uhr bis 15:30 Uhr<\/p><p>UND<\/p><p>ab 19:00 Uhr bis 23:00 Uhr<\/p>\t\t\t\t\t\t\t\t<\/div>\n\t\t\t\t<\/div>\n\t\t\t\t<div class=\"elementor-element elementor-element-ee7663b elementor-invisible elementor-widget elementor-widget-text-editor\" data-id=\"ee7663b\" data-element_type=\"widget\" data-e-type=\"widget\" data-settings=\"{&quot;_animation&quot;:&quot;zoomIn&quot;}\" data-widget_type=\"text-editor.default\">\n\t\t\t\t<div class=\"elementor-widget-container\">\n\t\t\t\t\t\t\t\t\t<p>Restaurante Acquolina.<br>Centro Comercial Parquemar, Av. B\u00e9lgica, 1, 03188 La Mata, Alicante <br><\/p>\t\t\t\t\t\t\t\t<\/div>\n\t\t\t\t<\/div>\n\t\t\t\t<div class=\"elementor-element elementor-element-f7a129a wpr-fancy-text-zoom wpr-advanced-text-style-animated elementor-widget elementor-widget-wpr-advanced-text\" data-id=\"f7a129a\" data-element_type=\"widget\" data-e-type=\"widget\" data-widget_type=\"wpr-advanced-text.default\">\n\t\t\t\t<div class=\"elementor-widget-container\">\n\t\t\t\t\t\n\t\t<h3 class=\"wpr-advanced-text\">\n\n\t\t\t<a href=\"tel:34966920454\">\t\t\n\t\t\t\t\t\t\t<span class=\"wpr-advanced-text-preffix\">F\u00fcr Reservierungen und Bestellungen rufen Sie uns an<\/span>\n\t\t\t\n\t\t<span class=\"wpr-anim-text wpr-anim-text-type-zoom\" data-anim-duration=\"1000,2000\" data-anim-loop=\"\">\n\t\t\t<span class=\"wpr-anim-text-inner\">\n\t\t\t\t\t\t\t\t\t<b>966 92 04 54<\/b>\n\t\t\t\t\t\t\t<\/span>\n\t\t\t\t\t<\/span>\n\n\t\t<\/a>\t\t\n\t\t<\/h3>\n\t\t\n\t\t\t\t\t\t<\/div>\n\t\t\t\t<\/div>\n\t\t\t\t\t<\/div>\n\t\t<\/div>\n\t\t\t\t<div class=\"elementor-column elementor-col-50 elementor-top-column elementor-element elementor-element-9c9a590\" data-id=\"9c9a590\" data-element_type=\"column\" data-e-type=\"column\">\n\t\t\t<div class=\"elementor-widget-wrap elementor-element-populated\">\n\t\t\t\t\t\t<div class=\"elementor-element elementor-element-ce045d3 elementor-widget elementor-widget-google_maps\" data-id=\"ce045d3\" data-element_type=\"widget\" data-e-type=\"widget\" data-widget_type=\"google_maps.default\">\n\t\t\t\t<div class=\"elementor-widget-container\">\n\t\t\t\t\t\t\t<div class=\"elementor-custom-embed\">\n\t\t\t<iframe loading=\"lazy\"\n\t\t\t\t\tsrc=\"https:\/\/www.google.com\/maps\/embed\/v1\/place?key=AIzaSyCtSu4WfBMK9hYgfljIr86us-H13OZ-tLM&#038;q=Restaurante%20Acquolina%2C%20Centro%20Comercial%20Parquemar%2C%20Av.%20B%C3%A9lgica%2C%201%2C%2003188%20La%20Mata%2C%20Alicante&#038;zoom=15\"\n\t\t\t\t\ttitle=\"Restaurante Acquolina, Centro Comercial Parquemar, Av. B\u00e9lgica, 1, 03188 La Mata, Alicante\"\n\t\t\t\t\taria-label=\"Restaurante Acquolina, Centro Comercial Parquemar, Av. B\u00e9lgica, 1, 03188 La Mata, Alicante\"\n\t\t\t><\/iframe>\n\t\t<\/div>\n\t\t\t\t\t\t<\/div>\n\t\t\t\t<\/div>\n\t\t\t\t\t<\/div>\n\t\t<\/div>\n\t\t\t\t\t<\/div>\n\t\t<\/section>\n\t\t<div class=\"elementor-element elementor-element-224955e e-flex e-con-boxed wpr-particle-no wpr-jarallax-no wpr-parallax-no wpr-sticky-section-no e-con e-parent\" data-id=\"224955e\" data-element_type=\"container\" data-e-type=\"container\">\n\t\t\t\t\t<div class=\"e-con-inner\">\n\t\t\t\t<div class=\"elementor-element elementor-element-80cd5c2 elementor-flip-box--3d elementor-flip-box--effect-flip elementor-flip-box--direction-up elementor-widget elementor-widget-flip-box\" data-id=\"80cd5c2\" data-element_type=\"widget\" data-e-type=\"widget\" data-widget_type=\"flip-box.default\">\n\t\t\t\t<div class=\"elementor-widget-container\">\n\t\t\t\t\t\t\t<div class=\"elementor-flip-box\" tabindex=\"0\">\n\t\t\t<div class=\"elementor-flip-box__layer elementor-flip-box__front\">\n\t\t\t\t<div class=\"elementor-flip-box__layer__overlay\">\n\t\t\t\t\t<div class=\"elementor-flip-box__layer__inner\">\n\t\t\t\t\t\t\n\t\t\t\t\t\t\t\t\t\t\t\t\t<h3 class=\"elementor-flip-box__layer__title\">\n\t\t\t\t\t\t\t\tWo sind wir?\t\t\t\t\t\t\t<\/h3>\n\t\t\t\t\t\t\n\t\t\t\t\t\t\t\t\t\t\t\t\t<div class=\"elementor-flip-box__layer__description\">\n\t\t\t\t\t\t\t\tRestaurante Acquolina. \nCentro Comercial Parquemar, Av. B\u00e9lgica, 1, 03188 La Mata, Alicante \t\t\t\t\t\t\t<\/div>\n\t\t\t\t\t\t\t\t\t\t\t<\/div>\n\t\t\t\t<\/div>\n\t\t\t<\/div>\n\t\t\t<div class=\"elementor-flip-box__layer elementor-flip-box__back\">\n\t\t\t<div class=\"elementor-flip-box__layer__overlay\">\n\t\t\t\t<div class=\"elementor-flip-box__layer__inner\">\n\t\t\t\t\t\t\t\t\t\t\t<h3 class=\"elementor-flip-box__layer__title\">\n\t\t\t\t\t\t\tCentro Comercial Parquemar, Av. B\u00e9lgica, 1, 03188 La Mata, Alicante \t\t\t\t\t\t<\/h3>\n\t\t\t\t\t\n\t\t\t\t\t\t\t\t\t\t\t<div class=\"elementor-flip-box__layer__description\">\n\t\t\t\t\t\t\tRestaurante Acquolina in La Mata, Torrevieja\t\t\t\t\t\t<\/div>\n\t\t\t\t\t\n\t\t\t\t\t\t\t\t\t\t\t<a class=\"elementor-flip-box__button elementor-button elementor-size-md\" href=\"https:\/\/maps.app.goo.gl\/E8SatSKDMXTg6Yw96\" target=\"_blank\">\n\t\t\t\t\t\t\tWIE MAN DORTHIN KOMMT\t\t\t\t\t\t<\/a>\n\t\t\t\t\t\t\t\t<\/div>\n\t\t<\/div>\n\t\t<\/div>\n\t\t<\/div>\n\t\t\t\t\t\t<\/div>\n\t\t\t\t<\/div>\n\t\t\t\t\t<\/div>\n\t\t\t\t<\/div>\n\t\t<div class=\"elementor-element elementor-element-f014d52 e-flex e-con-boxed wpr-particle-no wpr-jarallax-no wpr-parallax-no wpr-sticky-section-no e-con e-parent\" data-id=\"f014d52\" data-element_type=\"container\" data-e-type=\"container\">\n\t\t\t\t\t<div class=\"e-con-inner\">\n\t\t\t\t<div class=\"elementor-element elementor-element-b62a85a wpr-stt-btn-align-fixed wpr-stt-btn-align-fixed-right elementor-widget elementor-widget-wpr-back-to-top\" data-id=\"b62a85a\" data-element_type=\"widget\" data-e-type=\"widget\" data-widget_type=\"wpr-back-to-top.default\">\n\t\t\t\t<div class=\"elementor-widget-container\">\n\t\t\t\t\t<div class=\"wpr-stt-wrapper\"><div class='wpr-stt-btn' data-settings='{&quot;animation&quot;:&quot;fade&quot;,&quot;animationOffset&quot;:&quot;0&quot;,&quot;animationDuration&quot;:&quot;200&quot;,&quot;fixed&quot;:&quot;fixed&quot;,&quot;scrolAnim&quot;:&quot;800&quot;}'><span class=\"wpr-stt-icon\"><svg class=\"e-font-icon-svg e-fas-arrow-up\" viewBox=\"0 0 448 512\" xmlns=\"http:\/\/www.w3.org\/2000\/svg\"><path d=\"M34.9 289.5l-22.2-22.2c-9.4-9.4-9.4-24.6 0-33.9L207 39c9.4-9.4 24.6-9.4 33.9 0l194.3 194.3c9.4 9.4 9.4 24.6 0 33.9L413 289.4c-9.5 9.5-25 9.3-34.3-.4L264 168.6V456c0 13.3-10.7 24-24 24h-32c-13.3 0-24-10.7-24-24V168.6L69.2 289.1c-9.3 9.8-24.8 10-34.3.4z\"><\/path><\/svg><\/span><\/div><\/div>\t\t\t\t<\/div>\n\t\t\t\t<\/div>\n\t\t\t\t\t<\/div>\n\t\t\t\t<\/div>\n\t\t\t\t<\/div>\n\t\t","protected":false},"excerpt":{"rendered":"<p>Kontakt und Standort M\u00f6chten Sie uns kontaktieren, um eine Reservierung vorzunehmen? M\u00f6chten Sie uns einen Vorschlag machen? Oder m\u00f6chten Sie wissen, wo wir sind? Wir sind gerne f\u00fcr Sie da und machen Ihren Besuch zu einem unvergesslichen Erlebnis. Wir erwarten Sie im Acquolina Restaurant! UNSER ZEITPLAN DIENSTAG bis SONNTAG ab 13:00 Uhr bis 15:30 Uhr UND ab 19:00 Uhr bis 23:00 Uhr Restaurante Acquolina.Centro Comercial Parquemar, Av. B\u00e9lgica, 1, 03188 La Mata, Alicante F\u00fcr Reservierungen und Bestellungen rufen Sie uns an 966 92 04 54 Wo sind wir? Restaurante Acquolina. Centro Comercial Parquemar, Av. B\u00e9lgica, 1, 03188 La Mata, Alicante Centro Comercial Parquemar, Av. B\u00e9lgica, 1, 03188 La Mata, Alicante Restaurante Acquolina in La Mata, Torrevieja WIE MAN DORTHIN KOMMT<\/p>\n","protected":false},"author":1,"featured_media":1768,"parent":0,"menu_order":0,"comment_status":"closed","ping_status":"closed","template":"","meta":{"footnotes":""},"class_list":["post-1376","page","type-page","status-publish","has-post-thumbnail","hentry"],"yoast_head":"<!-- This site is optimized with the Yoast SEO plugin v27.3 - https:\/\/yoast.com\/product\/yoast-seo-wordpress\/ -->\n<title>Kontakt - Restaurante Acquolina. La Mata - Torrevieja<\/title>\n<meta name=\"description\" content=\"M\u00f6chten Sie uns kontaktieren, um eine Reservierung vorzunehmen? M\u00f6chten Sie uns einen Vorschlag machen? Oder m\u00f6chten Sie wissen, wo wir sind?\" \/>\n<meta name=\"robots\" content=\"index, follow, max-snippet:-1, max-image-preview:large, max-video-preview:-1\" \/>\n<link rel=\"canonical\" href=\"https:\/\/restauranteacquolina.es\/de\/kontakt\/\" \/>\n<meta property=\"og:locale\" content=\"de_DE\" \/>\n<meta property=\"og:type\" content=\"article\" \/>\n<meta property=\"og:title\" content=\"Kontakt - Restaurante Acquolina. La Mata - Torrevieja\" \/>\n<meta property=\"og:description\" content=\"M\u00f6chten Sie uns kontaktieren, um eine Reservierung vorzunehmen? M\u00f6chten Sie uns einen Vorschlag machen? Oder m\u00f6chten Sie wissen, wo wir sind?\" \/>\n<meta property=\"og:url\" content=\"https:\/\/restauranteacquolina.es\/de\/kontakt\/\" \/>\n<meta property=\"og:site_name\" content=\"Restaurante Acquolina\" \/>\n<meta property=\"article:modified_time\" content=\"2025-10-20T09:43:14+00:00\" \/>\n<meta property=\"og:image\" content=\"https:\/\/restauranteacquolina.es\/wp-content\/uploads\/2024\/10\/cropped-LOGO-ACQUOLINA_T-4.webp\" \/>\n\t<meta property=\"og:image:width\" content=\"512\" \/>\n\t<meta property=\"og:image:height\" content=\"512\" \/>\n\t<meta property=\"og:image:type\" content=\"image\/webp\" \/>\n<meta name=\"twitter:card\" content=\"summary_large_image\" \/>\n<meta name=\"twitter:label1\" content=\"Gesch\u00e4tzte Lesezeit\" \/>\n\t<meta name=\"twitter:data1\" content=\"1\u00a0Minute\" \/>\n<script type=\"application\/ld+json\" class=\"yoast-schema-graph\">{\"@context\":\"https:\\\/\\\/schema.org\",\"@graph\":[{\"@type\":\"WebPage\",\"@id\":\"https:\\\/\\\/restauranteacquolina.es\\\/de\\\/kontakt\\\/\",\"url\":\"https:\\\/\\\/restauranteacquolina.es\\\/de\\\/kontakt\\\/\",\"name\":\"Kontakt - Restaurante Acquolina. La Mata - Torrevieja\",\"isPartOf\":{\"@id\":\"https:\\\/\\\/restauranteacquolina.es\\\/de\\\/#website\"},\"primaryImageOfPage\":{\"@id\":\"https:\\\/\\\/restauranteacquolina.es\\\/de\\\/kontakt\\\/#primaryimage\"},\"image\":{\"@id\":\"https:\\\/\\\/restauranteacquolina.es\\\/de\\\/kontakt\\\/#primaryimage\"},\"thumbnailUrl\":\"https:\\\/\\\/restauranteacquolina.es\\\/wp-content\\\/uploads\\\/2024\\\/10\\\/cropped-LOGO-ACQUOLINA_T-4.webp\",\"datePublished\":\"2024-09-10T09:21:20+00:00\",\"dateModified\":\"2025-10-20T09:43:14+00:00\",\"description\":\"M\u00f6chten Sie uns kontaktieren, um eine Reservierung vorzunehmen? M\u00f6chten Sie uns einen Vorschlag machen? Oder m\u00f6chten Sie wissen, wo wir sind?\",\"breadcrumb\":{\"@id\":\"https:\\\/\\\/restauranteacquolina.es\\\/de\\\/kontakt\\\/#breadcrumb\"},\"inLanguage\":\"de\",\"potentialAction\":[{\"@type\":\"ReadAction\",\"target\":[\"https:\\\/\\\/restauranteacquolina.es\\\/de\\\/kontakt\\\/\"]}]},{\"@type\":\"ImageObject\",\"inLanguage\":\"de\",\"@id\":\"https:\\\/\\\/restauranteacquolina.es\\\/de\\\/kontakt\\\/#primaryimage\",\"url\":\"https:\\\/\\\/restauranteacquolina.es\\\/wp-content\\\/uploads\\\/2024\\\/10\\\/cropped-LOGO-ACQUOLINA_T-4.webp\",\"contentUrl\":\"https:\\\/\\\/restauranteacquolina.es\\\/wp-content\\\/uploads\\\/2024\\\/10\\\/cropped-LOGO-ACQUOLINA_T-4.webp\",\"width\":512,\"height\":512,\"caption\":\"icono del sitio acquolina\"},{\"@type\":\"BreadcrumbList\",\"@id\":\"https:\\\/\\\/restauranteacquolina.es\\\/de\\\/kontakt\\\/#breadcrumb\",\"itemListElement\":[{\"@type\":\"ListItem\",\"position\":1,\"name\":\"Portada\",\"item\":\"https:\\\/\\\/restauranteacquolina.es\\\/de\\\/\"},{\"@type\":\"ListItem\",\"position\":2,\"name\":\"Kontakt\"}]},{\"@type\":\"WebSite\",\"@id\":\"https:\\\/\\\/restauranteacquolina.es\\\/de\\\/#website\",\"url\":\"https:\\\/\\\/restauranteacquolina.es\\\/de\\\/\",\"name\":\"Restaurante Acquolina\",\"description\":\"Restaurante Acquolina en La Mata, Torrevieja. Pizzas, arroces, carnes y pescados de la mejor calidad.\",\"publisher\":{\"@id\":\"https:\\\/\\\/restauranteacquolina.es\\\/de\\\/#organization\"},\"alternateName\":\"Acquolina\",\"potentialAction\":[{\"@type\":\"SearchAction\",\"target\":{\"@type\":\"EntryPoint\",\"urlTemplate\":\"https:\\\/\\\/restauranteacquolina.es\\\/de\\\/?s={search_term_string}\"},\"query-input\":{\"@type\":\"PropertyValueSpecification\",\"valueRequired\":true,\"valueName\":\"search_term_string\"}}],\"inLanguage\":\"de\"},{\"@type\":\"Organization\",\"@id\":\"https:\\\/\\\/restauranteacquolina.es\\\/de\\\/#organization\",\"name\":\"Restaurante Acquolina\",\"alternateName\":\"Restaurante Acquolina\",\"url\":\"https:\\\/\\\/restauranteacquolina.es\\\/de\\\/\",\"logo\":{\"@type\":\"ImageObject\",\"inLanguage\":\"de\",\"@id\":\"https:\\\/\\\/restauranteacquolina.es\\\/de\\\/#\\\/schema\\\/logo\\\/image\\\/\",\"url\":\"https:\\\/\\\/restauranteacquolina.es\\\/wp-content\\\/uploads\\\/2024\\\/10\\\/cropped-LOGO-ACQUOLINA_T-2.webp\",\"contentUrl\":\"https:\\\/\\\/restauranteacquolina.es\\\/wp-content\\\/uploads\\\/2024\\\/10\\\/cropped-LOGO-ACQUOLINA_T-2.webp\",\"width\":1570,\"height\":658,\"caption\":\"Restaurante Acquolina\"},\"image\":{\"@id\":\"https:\\\/\\\/restauranteacquolina.es\\\/de\\\/#\\\/schema\\\/logo\\\/image\\\/\"}}]}<\/script>\n<!-- \/ Yoast SEO plugin. -->","yoast_head_json":{"title":"Kontakt - Restaurante Acquolina. La Mata - Torrevieja","description":"M\u00f6chten Sie uns kontaktieren, um eine Reservierung vorzunehmen? M\u00f6chten Sie uns einen Vorschlag machen? Oder m\u00f6chten Sie wissen, wo wir sind?","robots":{"index":"index","follow":"follow","max-snippet":"max-snippet:-1","max-image-preview":"max-image-preview:large","max-video-preview":"max-video-preview:-1"},"canonical":"https:\/\/restauranteacquolina.es\/de\/kontakt\/","og_locale":"de_DE","og_type":"article","og_title":"Kontakt - Restaurante Acquolina. La Mata - Torrevieja","og_description":"M\u00f6chten Sie uns kontaktieren, um eine Reservierung vorzunehmen? M\u00f6chten Sie uns einen Vorschlag machen? Oder m\u00f6chten Sie wissen, wo wir sind?","og_url":"https:\/\/restauranteacquolina.es\/de\/kontakt\/","og_site_name":"Restaurante Acquolina","article_modified_time":"2025-10-20T09:43:14+00:00","og_image":[{"width":512,"height":512,"url":"https:\/\/restauranteacquolina.es\/wp-content\/uploads\/2024\/10\/cropped-LOGO-ACQUOLINA_T-4.webp","type":"image\/webp"}],"twitter_card":"summary_large_image","twitter_misc":{"Gesch\u00e4tzte Lesezeit":"1\u00a0Minute"},"schema":{"@context":"https:\/\/schema.org","@graph":[{"@type":"WebPage","@id":"https:\/\/restauranteacquolina.es\/de\/kontakt\/","url":"https:\/\/restauranteacquolina.es\/de\/kontakt\/","name":"Kontakt - Restaurante Acquolina. La Mata - Torrevieja","isPartOf":{"@id":"https:\/\/restauranteacquolina.es\/de\/#website"},"primaryImageOfPage":{"@id":"https:\/\/restauranteacquolina.es\/de\/kontakt\/#primaryimage"},"image":{"@id":"https:\/\/restauranteacquolina.es\/de\/kontakt\/#primaryimage"},"thumbnailUrl":"https:\/\/restauranteacquolina.es\/wp-content\/uploads\/2024\/10\/cropped-LOGO-ACQUOLINA_T-4.webp","datePublished":"2024-09-10T09:21:20+00:00","dateModified":"2025-10-20T09:43:14+00:00","description":"M\u00f6chten Sie uns kontaktieren, um eine Reservierung vorzunehmen? M\u00f6chten Sie uns einen Vorschlag machen? Oder m\u00f6chten Sie wissen, wo wir sind?","breadcrumb":{"@id":"https:\/\/restauranteacquolina.es\/de\/kontakt\/#breadcrumb"},"inLanguage":"de","potentialAction":[{"@type":"ReadAction","target":["https:\/\/restauranteacquolina.es\/de\/kontakt\/"]}]},{"@type":"ImageObject","inLanguage":"de","@id":"https:\/\/restauranteacquolina.es\/de\/kontakt\/#primaryimage","url":"https:\/\/restauranteacquolina.es\/wp-content\/uploads\/2024\/10\/cropped-LOGO-ACQUOLINA_T-4.webp","contentUrl":"https:\/\/restauranteacquolina.es\/wp-content\/uploads\/2024\/10\/cropped-LOGO-ACQUOLINA_T-4.webp","width":512,"height":512,"caption":"icono del sitio acquolina"},{"@type":"BreadcrumbList","@id":"https:\/\/restauranteacquolina.es\/de\/kontakt\/#breadcrumb","itemListElement":[{"@type":"ListItem","position":1,"name":"Portada","item":"https:\/\/restauranteacquolina.es\/de\/"},{"@type":"ListItem","position":2,"name":"Kontakt"}]},{"@type":"WebSite","@id":"https:\/\/restauranteacquolina.es\/de\/#website","url":"https:\/\/restauranteacquolina.es\/de\/","name":"Restaurante Acquolina","description":"Restaurante Acquolina en La Mata, Torrevieja. Pizzas, arroces, carnes y pescados de la mejor calidad.","publisher":{"@id":"https:\/\/restauranteacquolina.es\/de\/#organization"},"alternateName":"Acquolina","potentialAction":[{"@type":"SearchAction","target":{"@type":"EntryPoint","urlTemplate":"https:\/\/restauranteacquolina.es\/de\/?s={search_term_string}"},"query-input":{"@type":"PropertyValueSpecification","valueRequired":true,"valueName":"search_term_string"}}],"inLanguage":"de"},{"@type":"Organization","@id":"https:\/\/restauranteacquolina.es\/de\/#organization","name":"Restaurante Acquolina","alternateName":"Restaurante Acquolina","url":"https:\/\/restauranteacquolina.es\/de\/","logo":{"@type":"ImageObject","inLanguage":"de","@id":"https:\/\/restauranteacquolina.es\/de\/#\/schema\/logo\/image\/","url":"https:\/\/restauranteacquolina.es\/wp-content\/uploads\/2024\/10\/cropped-LOGO-ACQUOLINA_T-2.webp","contentUrl":"https:\/\/restauranteacquolina.es\/wp-content\/uploads\/2024\/10\/cropped-LOGO-ACQUOLINA_T-2.webp","width":1570,"height":658,"caption":"Restaurante Acquolina"},"image":{"@id":"https:\/\/restauranteacquolina.es\/de\/#\/schema\/logo\/image\/"}}]}},"_links":{"self":[{"href":"https:\/\/restauranteacquolina.es\/de\/wp-json\/wp\/v2\/pages\/1376","targetHints":{"allow":["GET"]}}],"collection":[{"href":"https:\/\/restauranteacquolina.es\/de\/wp-json\/wp\/v2\/pages"}],"about":[{"href":"https:\/\/restauranteacquolina.es\/de\/wp-json\/wp\/v2\/types\/page"}],"author":[{"embeddable":true,"href":"https:\/\/restauranteacquolina.es\/de\/wp-json\/wp\/v2\/users\/1"}],"replies":[{"embeddable":true,"href":"https:\/\/restauranteacquolina.es\/de\/wp-json\/wp\/v2\/comments?post=1376"}],"version-history":[{"count":14,"href":"https:\/\/restauranteacquolina.es\/de\/wp-json\/wp\/v2\/pages\/1376\/revisions"}],"predecessor-version":[{"id":2157,"href":"https:\/\/restauranteacquolina.es\/de\/wp-json\/wp\/v2\/pages\/1376\/revisions\/2157"}],"wp:featuredmedia":[{"embeddable":true,"href":"https:\/\/restauranteacquolina.es\/de\/wp-json\/wp\/v2\/media\/1768"}],"wp:attachment":[{"href":"https:\/\/restauranteacquolina.es\/de\/wp-json\/wp\/v2\/media?parent=1376"}],"curies":[{"name":"wp","href":"https:\/\/api.w.org\/{rel}","templated":true}]}}