{"id":1364,"date":"2024-09-11T13:11:32","date_gmt":"2024-09-11T11:11:32","guid":{"rendered":"https:\/\/restauranteacquolina.es\/cookie-richtlinie\/"},"modified":"2024-09-23T13:13:29","modified_gmt":"2024-09-23T11:13:29","slug":"cookie-richtlinie","status":"publish","type":"page","link":"https:\/\/restauranteacquolina.es\/de\/cookie-richtlinie\/","title":{"rendered":"Cookie-Richtlinie"},"content":{"rendered":"\t\t<div data-elementor-type=\"wp-page\" data-elementor-id=\"1364\" class=\"elementor elementor-1364 elementor-445\" data-elementor-post-type=\"page\">\n\t\t\t\t<div class=\"elementor-element elementor-element-eab34f3 e-flex e-con-boxed wpr-particle-no wpr-jarallax-no wpr-parallax-no wpr-sticky-section-no wpr-equal-height-no e-con e-parent\" data-id=\"eab34f3\" data-element_type=\"container\" data-e-type=\"container\">\n\t\t\t\t\t<div class=\"e-con-inner\">\n\t\t\t\t<div class=\"elementor-element elementor-element-3acb5b9 elementor-widget elementor-widget-text-editor\" data-id=\"3acb5b9\" data-element_type=\"widget\" data-e-type=\"widget\" data-widget_type=\"text-editor.default\">\n\t\t\t\t<div class=\"elementor-widget-container\">\n\t\t\t\t\t\t\t\t\t<p>COOKIE-RICHTLINIE<\/p>\n<p>&nbsp;Cookies sind Kennungen, die wir \u00fcber Ihren Webbrowser an die Festplatte Ihres Computers senden, damit unsere Systeme Ihren Browser erkennen und Ihnen bestimmte Dienste anbieten k\u00f6nnen. Die auf https:\/\/restauranteacquolina.es verwendeten Cookies sind im Folgenden aufgef\u00fchrt.<\/p>\n<p>Verwendete Cookies<\/p>\n<table width=\"1140\">\n<tbody>\n<tr>\n<td>\n<p>Cookie<\/p>\n<\/td>\n<td>\n<p>Gesammelte Informationen<\/p>\n<\/td>\n<td>\n<p>Zweck<\/p>\n<\/td>\n<td>\n<p>G\u00fcltigkeitsdauer<\/p>\n<\/td>\n<td>\n<p>So deaktivieren Sie es<\/p>\n<\/td>\n<\/tr>\n<tr>\n<td rowspan=\"2\">\n<p>Eigene Cookies<\/p>\n<\/td>\n<td>\n<p>Wenn Sie eingeloggt sind (ja\/nein)<\/p>\n<\/td>\n<td>\n<p>Vermeiden Sie eine erneute Anmeldung, wenn Sie sich noch nicht abgemeldet haben.<\/p>\n<\/td>\n<td>\n<p>Sitzungscookie<\/p>\n<\/td>\n<td>\n<p>Dies ist nicht m\u00f6glich, es ist f\u00fcr das Funktionieren der Website erforderlich.<\/p>\n<\/td>\n<\/tr>\n<tr>\n<td>\n<p>Bin\u00e4re Informationen (ja\/nein)<\/p>\n<\/td>\n<td>\n<p>Erfahren Sie, ob der Benutzer beispielsweise die Cookie-Warnung akzeptiert hat.<\/p>\n<\/td>\n<td>\n<p>1 Jahr<\/p>\n<\/td>\n<td>\n<p>Dies ist nicht m\u00f6glich, es ist f\u00fcr das Funktionieren der Website erforderlich.<\/p>\n<\/td>\n<\/tr>\n<tr>\n<td>\n<p>Cookies von Drittanbietern: Google Analytics<\/p>\n<\/td>\n<td>\n<p>Analytische Informationen zu Besuch, Zeit, besuchten Abschnitten, Klicks und Herkunftsseiten.<\/p>\n<\/td>\n<td>\n<p>Eine Analyse des Nutzerverhaltens im Web, um den Service zu verbessern.<\/p>\n<\/td>\n<td>\n<p>Sitzungscookies oder maximal 2 Jahre.<\/p>\n<\/td>\n<td>\n<p>Installieren:&nbsp;<a href=\"https:\/\/tools.google.com\/dlpage\/gaoptout?hl=es\">https:\/\/tools.google.com\/dlpage\/gaoptout?hl=es<\/a><\/p>\n<\/td>\n<\/tr>\n<\/tbody>\n<\/table>\n<p>So deaktivieren Sie Cookies in den wichtigsten Browsern:<\/p>\n<p>Normalerweise ist es m\u00f6glich, die Annahme von Cookies durch den Browser oder die Annahme von Cookies durch einen bestimmten Dienst zu stoppen.<\/p>\n<p>In allen modernen Browsern k\u00f6nnen Sie Ihre Cookie-Einstellungen \u00e4ndern. Diese Einstellungen finden Sie normalerweise im Men\u00fc &#8218;Optionen&#8216; oder &#8218;Einstellungen&#8216; Ihres Browsers. Sie k\u00f6nnen auch Ihren Browser oder Ihren E-Mail-Manager konfigurieren.  <\/p>\n<p>Im Folgenden finden Sie eine Anleitung, wie Sie in den wichtigsten Browsern auf das Konfigurationsmen\u00fc f\u00fcr Cookies und ggf. f\u00fcr das Private Browsing zugreifen k\u00f6nnen:<\/p>\n<p>Internet Explorer:&nbsp;Werkzeuge-&gt; Internetoptionen&nbsp;-&gt; Privatsph\u00e4re&nbsp;-&gt; Konfiguration. &nbsp;<a href=\"http:\/\/windows.microsoft.com\/es-ES\/windows\/support\">Microsoft-Unterst\u00fctzung<\/a>&nbsp;oder die Browser-Hilfe.<\/p>\n<p>Firefox:&nbsp;Werkzeuge&nbsp;-&gt; Optionen&nbsp;-&gt; Privatsph\u00e4re&nbsp;-&gt; Aufzeichnen&nbsp;-&gt; Benutzerdefinierte Einstellungen. Weitere Informationen finden Sie im &nbsp;<a href=\"http:\/\/support.mozilla.org\/es\/home\">Mozilla-Unterst\u00fctzung<\/a>&nbsp;oder die Browser-Hilfe.<\/p>\n<p>Chrome:&nbsp;Konfiguration&nbsp;-&gt; Erweiterte Optionen anzeigen&nbsp;-&gt; Privacidad&nbsp;-&gt; Inhaltseinstellungen. Weitere Informationen finden Sie im &nbsp;<a href=\"http:\/\/support.google.com\/chrome\/?hl=es\">Google-Unterst\u00fctzung<\/a>&nbsp;oder die Browser-Hilfe.<\/p>\n<p>Safari:&nbsp;Pr\u00e4ferenzen&nbsp;-&gt; Sicherheit. Weitere Informationen finden Sie im &nbsp;<a href=\"http:\/\/www.apple.com\/es\/support\/safari\/\">Apple-Unterst\u00fctzung<\/a>&nbsp;oder die Browser-Hilfe.<\/p>\n<p>Was passiert, wenn Cookies deaktiviert sind?<\/p>\n<p>&nbsp;Einige Funktionen der Dienste werden deaktiviert, wie z.B. das Einloggen, das Beibehalten von Eink\u00e4ufen im &#8222;Warenkorb&#8220;, usw.<\/p>\t\t\t\t\t\t\t\t<\/div>\n\t\t\t\t<\/div>\n\t\t\t\t\t<\/div>\n\t\t\t\t<\/div>\n\t\t\t\t<\/div>\n\t\t","protected":false},"excerpt":{"rendered":"<p>COOKIE-RICHTLINIE &nbsp;Cookies sind Kennungen, die wir \u00fcber Ihren Webbrowser an die Festplatte Ihres Computers senden, damit unsere Systeme Ihren Browser erkennen und Ihnen bestimmte Dienste anbieten k\u00f6nnen. Die auf https:\/\/restauranteacquolina.es verwendeten Cookies sind im Folgenden aufgef\u00fchrt. Verwendete Cookies Cookie Gesammelte Informationen Zweck G\u00fcltigkeitsdauer So deaktivieren Sie es Eigene Cookies Wenn Sie eingeloggt sind (ja\/nein) Vermeiden Sie eine erneute Anmeldung, wenn Sie sich noch nicht abgemeldet haben. Sitzungscookie Dies ist nicht m\u00f6glich, es ist f\u00fcr das Funktionieren der Website erforderlich. Bin\u00e4re Informationen (ja\/nein) Erfahren Sie, ob der Benutzer beispielsweise die Cookie-Warnung akzeptiert hat. 1 Jahr Dies ist nicht m\u00f6glich, es ist f\u00fcr das Funktionieren der Website erforderlich. Cookies von Drittanbietern: Google Analytics Analytische Informationen zu Besuch, Zeit, besuchten Abschnitten, Klicks und Herkunftsseiten. Eine Analyse des Nutzerverhaltens im Web, um den Service zu verbessern. Sitzungscookies oder maximal 2 Jahre. Installieren:&nbsp;https:\/\/tools.google.com\/dlpage\/gaoptout?hl=es So deaktivieren Sie Cookies in den wichtigsten Browsern: Normalerweise ist es m\u00f6glich, die Annahme von Cookies durch den Browser oder die Annahme von Cookies durch einen bestimmten Dienst zu stoppen. In allen modernen Browsern k\u00f6nnen Sie Ihre Cookie-Einstellungen \u00e4ndern. Diese Einstellungen finden Sie normalerweise im Men\u00fc &#8218;Optionen&#8216; oder &#8218;Einstellungen&#8216; Ihres Browsers. Sie k\u00f6nnen auch Ihren Browser oder Ihren E-Mail-Manager konfigurieren. Im Folgenden finden Sie eine Anleitung, wie Sie in den wichtigsten Browsern auf das Konfigurationsmen\u00fc f\u00fcr Cookies und ggf. f\u00fcr das Private Browsing zugreifen k\u00f6nnen: Internet Explorer:&nbsp;Werkzeuge-&gt; Internetoptionen&nbsp;-&gt; Privatsph\u00e4re&nbsp;-&gt; Konfiguration. &nbsp;Microsoft-Unterst\u00fctzung&nbsp;oder die Browser-Hilfe. Firefox:&nbsp;Werkzeuge&nbsp;-&gt; Optionen&nbsp;-&gt; Privatsph\u00e4re&nbsp;-&gt; Aufzeichnen&nbsp;-&gt; Benutzerdefinierte Einstellungen. Weitere Informationen finden Sie im &nbsp;Mozilla-Unterst\u00fctzung&nbsp;oder die Browser-Hilfe. Chrome:&nbsp;Konfiguration&nbsp;-&gt; Erweiterte Optionen anzeigen&nbsp;-&gt; Privacidad&nbsp;-&gt; Inhaltseinstellungen. Weitere Informationen finden Sie im &nbsp;Google-Unterst\u00fctzung&nbsp;oder die Browser-Hilfe. Safari:&nbsp;Pr\u00e4ferenzen&nbsp;-&gt; Sicherheit. Weitere Informationen finden Sie im &nbsp;Apple-Unterst\u00fctzung&nbsp;oder die Browser-Hilfe. Was passiert, wenn Cookies deaktiviert sind? &nbsp;Einige Funktionen der Dienste werden deaktiviert, wie z.B. das Einloggen, das Beibehalten von Eink\u00e4ufen im &#8222;Warenkorb&#8220;, usw.<\/p>\n","protected":false},"author":1,"featured_media":0,"parent":0,"menu_order":0,"comment_status":"closed","ping_status":"closed","template":"","meta":{"footnotes":""},"class_list":["post-1364","page","type-page","status-publish","hentry"],"yoast_head":"<!-- This site is optimized with the Yoast SEO plugin v27.3 - https:\/\/yoast.com\/product\/yoast-seo-wordpress\/ -->\n<title>Cookie-Richtlinie - Restaurante Acquolina<\/title>\n<meta name=\"robots\" content=\"index, follow, max-snippet:-1, max-image-preview:large, max-video-preview:-1\" \/>\n<link rel=\"canonical\" href=\"https:\/\/restauranteacquolina.es\/de\/cookie-richtlinie\/\" \/>\n<meta property=\"og:locale\" content=\"de_DE\" \/>\n<meta property=\"og:type\" content=\"article\" \/>\n<meta property=\"og:title\" content=\"Cookie-Richtlinie - Restaurante Acquolina\" \/>\n<meta property=\"og:description\" content=\"COOKIE-RICHTLINIE &nbsp;Cookies sind Kennungen, die wir \u00fcber Ihren Webbrowser an die Festplatte Ihres Computers senden, damit unsere Systeme Ihren Browser erkennen und Ihnen bestimmte Dienste anbieten k\u00f6nnen. Die auf https:\/\/restauranteacquolina.es verwendeten Cookies sind im Folgenden aufgef\u00fchrt. Verwendete Cookies Cookie Gesammelte Informationen Zweck G\u00fcltigkeitsdauer So deaktivieren Sie es Eigene Cookies Wenn Sie eingeloggt sind (ja\/nein) Vermeiden Sie eine erneute Anmeldung, wenn Sie sich noch nicht abgemeldet haben. Sitzungscookie Dies ist nicht m\u00f6glich, es ist f\u00fcr das Funktionieren der Website erforderlich. Bin\u00e4re Informationen (ja\/nein) Erfahren Sie, ob der Benutzer beispielsweise die Cookie-Warnung akzeptiert hat. 1 Jahr Dies ist nicht m\u00f6glich, es ist f\u00fcr das Funktionieren der Website erforderlich. Cookies von Drittanbietern: Google Analytics Analytische Informationen zu Besuch, Zeit, besuchten Abschnitten, Klicks und Herkunftsseiten. Eine Analyse des Nutzerverhaltens im Web, um den Service zu verbessern. Sitzungscookies oder maximal 2 Jahre. Installieren:&nbsp;https:\/\/tools.google.com\/dlpage\/gaoptout?hl=es So deaktivieren Sie Cookies in den wichtigsten Browsern: Normalerweise ist es m\u00f6glich, die Annahme von Cookies durch den Browser oder die Annahme von Cookies durch einen bestimmten Dienst zu stoppen. In allen modernen Browsern k\u00f6nnen Sie Ihre Cookie-Einstellungen \u00e4ndern. Diese Einstellungen finden Sie normalerweise im Men\u00fc &#8218;Optionen&#8216; oder &#8218;Einstellungen&#8216; Ihres Browsers. Sie k\u00f6nnen auch Ihren Browser oder Ihren E-Mail-Manager konfigurieren. Im Folgenden finden Sie eine Anleitung, wie Sie in den wichtigsten Browsern auf das Konfigurationsmen\u00fc f\u00fcr Cookies und ggf. f\u00fcr das Private Browsing zugreifen k\u00f6nnen: Internet Explorer:&nbsp;Werkzeuge-&gt; Internetoptionen&nbsp;-&gt; Privatsph\u00e4re&nbsp;-&gt; Konfiguration. &nbsp;Microsoft-Unterst\u00fctzung&nbsp;oder die Browser-Hilfe. Firefox:&nbsp;Werkzeuge&nbsp;-&gt; Optionen&nbsp;-&gt; Privatsph\u00e4re&nbsp;-&gt; Aufzeichnen&nbsp;-&gt; Benutzerdefinierte Einstellungen. Weitere Informationen finden Sie im &nbsp;Mozilla-Unterst\u00fctzung&nbsp;oder die Browser-Hilfe. Chrome:&nbsp;Konfiguration&nbsp;-&gt; Erweiterte Optionen anzeigen&nbsp;-&gt; Privacidad&nbsp;-&gt; Inhaltseinstellungen. Weitere Informationen finden Sie im &nbsp;Google-Unterst\u00fctzung&nbsp;oder die Browser-Hilfe. Safari:&nbsp;Pr\u00e4ferenzen&nbsp;-&gt; Sicherheit. Weitere Informationen finden Sie im &nbsp;Apple-Unterst\u00fctzung&nbsp;oder die Browser-Hilfe. Was passiert, wenn Cookies deaktiviert sind? &nbsp;Einige Funktionen der Dienste werden deaktiviert, wie z.B. das Einloggen, das Beibehalten von Eink\u00e4ufen im &#8222;Warenkorb&#8220;, usw.\" \/>\n<meta property=\"og:url\" content=\"https:\/\/restauranteacquolina.es\/de\/cookie-richtlinie\/\" \/>\n<meta property=\"og:site_name\" content=\"Restaurante Acquolina\" \/>\n<meta property=\"article:modified_time\" content=\"2024-09-23T11:13:29+00:00\" \/>\n<meta property=\"og:image\" content=\"https:\/\/restauranteacquolina.es\/wp-content\/uploads\/2024\/09\/WhatsApp-Image-2024-09-06-at-20.03.42-5.jpeg\" \/>\n\t<meta property=\"og:image:width\" content=\"1200\" \/>\n\t<meta property=\"og:image:height\" content=\"1600\" \/>\n\t<meta property=\"og:image:type\" content=\"image\/jpeg\" \/>\n<meta name=\"twitter:card\" content=\"summary_large_image\" \/>\n<meta name=\"twitter:label1\" content=\"Gesch\u00e4tzte Lesezeit\" \/>\n\t<meta name=\"twitter:data1\" content=\"2\u00a0Minuten\" \/>\n<script type=\"application\/ld+json\" class=\"yoast-schema-graph\">{\"@context\":\"https:\\\/\\\/schema.org\",\"@graph\":[{\"@type\":\"WebPage\",\"@id\":\"https:\\\/\\\/restauranteacquolina.es\\\/de\\\/cookie-richtlinie\\\/\",\"url\":\"https:\\\/\\\/restauranteacquolina.es\\\/de\\\/cookie-richtlinie\\\/\",\"name\":\"Cookie-Richtlinie - Restaurante Acquolina\",\"isPartOf\":{\"@id\":\"https:\\\/\\\/restauranteacquolina.es\\\/de\\\/#website\"},\"datePublished\":\"2024-09-11T11:11:32+00:00\",\"dateModified\":\"2024-09-23T11:13:29+00:00\",\"breadcrumb\":{\"@id\":\"https:\\\/\\\/restauranteacquolina.es\\\/de\\\/cookie-richtlinie\\\/#breadcrumb\"},\"inLanguage\":\"de\",\"potentialAction\":[{\"@type\":\"ReadAction\",\"target\":[\"https:\\\/\\\/restauranteacquolina.es\\\/de\\\/cookie-richtlinie\\\/\"]}]},{\"@type\":\"BreadcrumbList\",\"@id\":\"https:\\\/\\\/restauranteacquolina.es\\\/de\\\/cookie-richtlinie\\\/#breadcrumb\",\"itemListElement\":[{\"@type\":\"ListItem\",\"position\":1,\"name\":\"Portada\",\"item\":\"https:\\\/\\\/restauranteacquolina.es\\\/de\\\/\"},{\"@type\":\"ListItem\",\"position\":2,\"name\":\"Cookie-Richtlinie\"}]},{\"@type\":\"WebSite\",\"@id\":\"https:\\\/\\\/restauranteacquolina.es\\\/de\\\/#website\",\"url\":\"https:\\\/\\\/restauranteacquolina.es\\\/de\\\/\",\"name\":\"Restaurante Acquolina\",\"description\":\"Restaurante Acquolina en La Mata, Torrevieja. Pizzas, arroces, carnes y pescados de la mejor calidad.\",\"publisher\":{\"@id\":\"https:\\\/\\\/restauranteacquolina.es\\\/de\\\/#organization\"},\"alternateName\":\"Acquolina\",\"potentialAction\":[{\"@type\":\"SearchAction\",\"target\":{\"@type\":\"EntryPoint\",\"urlTemplate\":\"https:\\\/\\\/restauranteacquolina.es\\\/de\\\/?s={search_term_string}\"},\"query-input\":{\"@type\":\"PropertyValueSpecification\",\"valueRequired\":true,\"valueName\":\"search_term_string\"}}],\"inLanguage\":\"de\"},{\"@type\":\"Organization\",\"@id\":\"https:\\\/\\\/restauranteacquolina.es\\\/de\\\/#organization\",\"name\":\"Restaurante Acquolina\",\"alternateName\":\"Restaurante Acquolina\",\"url\":\"https:\\\/\\\/restauranteacquolina.es\\\/de\\\/\",\"logo\":{\"@type\":\"ImageObject\",\"inLanguage\":\"de\",\"@id\":\"https:\\\/\\\/restauranteacquolina.es\\\/de\\\/#\\\/schema\\\/logo\\\/image\\\/\",\"url\":\"https:\\\/\\\/restauranteacquolina.es\\\/wp-content\\\/uploads\\\/2024\\\/10\\\/cropped-LOGO-ACQUOLINA_T-2.webp\",\"contentUrl\":\"https:\\\/\\\/restauranteacquolina.es\\\/wp-content\\\/uploads\\\/2024\\\/10\\\/cropped-LOGO-ACQUOLINA_T-2.webp\",\"width\":1570,\"height\":658,\"caption\":\"Restaurante Acquolina\"},\"image\":{\"@id\":\"https:\\\/\\\/restauranteacquolina.es\\\/de\\\/#\\\/schema\\\/logo\\\/image\\\/\"}}]}<\/script>\n<!-- \/ Yoast SEO plugin. -->","yoast_head_json":{"title":"Cookie-Richtlinie - Restaurante Acquolina","robots":{"index":"index","follow":"follow","max-snippet":"max-snippet:-1","max-image-preview":"max-image-preview:large","max-video-preview":"max-video-preview:-1"},"canonical":"https:\/\/restauranteacquolina.es\/de\/cookie-richtlinie\/","og_locale":"de_DE","og_type":"article","og_title":"Cookie-Richtlinie - Restaurante Acquolina","og_description":"COOKIE-RICHTLINIE &nbsp;Cookies sind Kennungen, die wir \u00fcber Ihren Webbrowser an die Festplatte Ihres Computers senden, damit unsere Systeme Ihren Browser erkennen und Ihnen bestimmte Dienste anbieten k\u00f6nnen. Die auf https:\/\/restauranteacquolina.es verwendeten Cookies sind im Folgenden aufgef\u00fchrt. Verwendete Cookies Cookie Gesammelte Informationen Zweck G\u00fcltigkeitsdauer So deaktivieren Sie es Eigene Cookies Wenn Sie eingeloggt sind (ja\/nein) Vermeiden Sie eine erneute Anmeldung, wenn Sie sich noch nicht abgemeldet haben. Sitzungscookie Dies ist nicht m\u00f6glich, es ist f\u00fcr das Funktionieren der Website erforderlich. Bin\u00e4re Informationen (ja\/nein) Erfahren Sie, ob der Benutzer beispielsweise die Cookie-Warnung akzeptiert hat. 1 Jahr Dies ist nicht m\u00f6glich, es ist f\u00fcr das Funktionieren der Website erforderlich. Cookies von Drittanbietern: Google Analytics Analytische Informationen zu Besuch, Zeit, besuchten Abschnitten, Klicks und Herkunftsseiten. Eine Analyse des Nutzerverhaltens im Web, um den Service zu verbessern. Sitzungscookies oder maximal 2 Jahre. Installieren:&nbsp;https:\/\/tools.google.com\/dlpage\/gaoptout?hl=es So deaktivieren Sie Cookies in den wichtigsten Browsern: Normalerweise ist es m\u00f6glich, die Annahme von Cookies durch den Browser oder die Annahme von Cookies durch einen bestimmten Dienst zu stoppen. In allen modernen Browsern k\u00f6nnen Sie Ihre Cookie-Einstellungen \u00e4ndern. Diese Einstellungen finden Sie normalerweise im Men\u00fc &#8218;Optionen&#8216; oder &#8218;Einstellungen&#8216; Ihres Browsers. Sie k\u00f6nnen auch Ihren Browser oder Ihren E-Mail-Manager konfigurieren. Im Folgenden finden Sie eine Anleitung, wie Sie in den wichtigsten Browsern auf das Konfigurationsmen\u00fc f\u00fcr Cookies und ggf. f\u00fcr das Private Browsing zugreifen k\u00f6nnen: Internet Explorer:&nbsp;Werkzeuge-&gt; Internetoptionen&nbsp;-&gt; Privatsph\u00e4re&nbsp;-&gt; Konfiguration. &nbsp;Microsoft-Unterst\u00fctzung&nbsp;oder die Browser-Hilfe. Firefox:&nbsp;Werkzeuge&nbsp;-&gt; Optionen&nbsp;-&gt; Privatsph\u00e4re&nbsp;-&gt; Aufzeichnen&nbsp;-&gt; Benutzerdefinierte Einstellungen. Weitere Informationen finden Sie im &nbsp;Mozilla-Unterst\u00fctzung&nbsp;oder die Browser-Hilfe. Chrome:&nbsp;Konfiguration&nbsp;-&gt; Erweiterte Optionen anzeigen&nbsp;-&gt; Privacidad&nbsp;-&gt; Inhaltseinstellungen. Weitere Informationen finden Sie im &nbsp;Google-Unterst\u00fctzung&nbsp;oder die Browser-Hilfe. Safari:&nbsp;Pr\u00e4ferenzen&nbsp;-&gt; Sicherheit. Weitere Informationen finden Sie im &nbsp;Apple-Unterst\u00fctzung&nbsp;oder die Browser-Hilfe. Was passiert, wenn Cookies deaktiviert sind? &nbsp;Einige Funktionen der Dienste werden deaktiviert, wie z.B. das Einloggen, das Beibehalten von Eink\u00e4ufen im &#8222;Warenkorb&#8220;, usw.","og_url":"https:\/\/restauranteacquolina.es\/de\/cookie-richtlinie\/","og_site_name":"Restaurante Acquolina","article_modified_time":"2024-09-23T11:13:29+00:00","og_image":[{"width":1200,"height":1600,"url":"https:\/\/restauranteacquolina.es\/wp-content\/uploads\/2024\/09\/WhatsApp-Image-2024-09-06-at-20.03.42-5.jpeg","type":"image\/jpeg"}],"twitter_card":"summary_large_image","twitter_misc":{"Gesch\u00e4tzte Lesezeit":"2\u00a0Minuten"},"schema":{"@context":"https:\/\/schema.org","@graph":[{"@type":"WebPage","@id":"https:\/\/restauranteacquolina.es\/de\/cookie-richtlinie\/","url":"https:\/\/restauranteacquolina.es\/de\/cookie-richtlinie\/","name":"Cookie-Richtlinie - Restaurante Acquolina","isPartOf":{"@id":"https:\/\/restauranteacquolina.es\/de\/#website"},"datePublished":"2024-09-11T11:11:32+00:00","dateModified":"2024-09-23T11:13:29+00:00","breadcrumb":{"@id":"https:\/\/restauranteacquolina.es\/de\/cookie-richtlinie\/#breadcrumb"},"inLanguage":"de","potentialAction":[{"@type":"ReadAction","target":["https:\/\/restauranteacquolina.es\/de\/cookie-richtlinie\/"]}]},{"@type":"BreadcrumbList","@id":"https:\/\/restauranteacquolina.es\/de\/cookie-richtlinie\/#breadcrumb","itemListElement":[{"@type":"ListItem","position":1,"name":"Portada","item":"https:\/\/restauranteacquolina.es\/de\/"},{"@type":"ListItem","position":2,"name":"Cookie-Richtlinie"}]},{"@type":"WebSite","@id":"https:\/\/restauranteacquolina.es\/de\/#website","url":"https:\/\/restauranteacquolina.es\/de\/","name":"Restaurante Acquolina","description":"Restaurante Acquolina en La Mata, Torrevieja. Pizzas, arroces, carnes y pescados de la mejor calidad.","publisher":{"@id":"https:\/\/restauranteacquolina.es\/de\/#organization"},"alternateName":"Acquolina","potentialAction":[{"@type":"SearchAction","target":{"@type":"EntryPoint","urlTemplate":"https:\/\/restauranteacquolina.es\/de\/?s={search_term_string}"},"query-input":{"@type":"PropertyValueSpecification","valueRequired":true,"valueName":"search_term_string"}}],"inLanguage":"de"},{"@type":"Organization","@id":"https:\/\/restauranteacquolina.es\/de\/#organization","name":"Restaurante Acquolina","alternateName":"Restaurante Acquolina","url":"https:\/\/restauranteacquolina.es\/de\/","logo":{"@type":"ImageObject","inLanguage":"de","@id":"https:\/\/restauranteacquolina.es\/de\/#\/schema\/logo\/image\/","url":"https:\/\/restauranteacquolina.es\/wp-content\/uploads\/2024\/10\/cropped-LOGO-ACQUOLINA_T-2.webp","contentUrl":"https:\/\/restauranteacquolina.es\/wp-content\/uploads\/2024\/10\/cropped-LOGO-ACQUOLINA_T-2.webp","width":1570,"height":658,"caption":"Restaurante Acquolina"},"image":{"@id":"https:\/\/restauranteacquolina.es\/de\/#\/schema\/logo\/image\/"}}]}},"_links":{"self":[{"href":"https:\/\/restauranteacquolina.es\/de\/wp-json\/wp\/v2\/pages\/1364","targetHints":{"allow":["GET"]}}],"collection":[{"href":"https:\/\/restauranteacquolina.es\/de\/wp-json\/wp\/v2\/pages"}],"about":[{"href":"https:\/\/restauranteacquolina.es\/de\/wp-json\/wp\/v2\/types\/page"}],"author":[{"embeddable":true,"href":"https:\/\/restauranteacquolina.es\/de\/wp-json\/wp\/v2\/users\/1"}],"replies":[{"embeddable":true,"href":"https:\/\/restauranteacquolina.es\/de\/wp-json\/wp\/v2\/comments?post=1364"}],"version-history":[{"count":0,"href":"https:\/\/restauranteacquolina.es\/de\/wp-json\/wp\/v2\/pages\/1364\/revisions"}],"wp:attachment":[{"href":"https:\/\/restauranteacquolina.es\/de\/wp-json\/wp\/v2\/media?parent=1364"}],"curies":[{"name":"wp","href":"https:\/\/api.w.org\/{rel}","templated":true}]}}