{"id":1353,"date":"2024-09-11T13:11:49","date_gmt":"2024-09-11T11:11:49","guid":{"rendered":"https:\/\/restauranteacquolina.es\/zugaenglichkeitsrichtlinie\/"},"modified":"2024-09-23T12:42:07","modified_gmt":"2024-09-23T10:42:07","slug":"zugaenglichkeitsrichtlinie","status":"publish","type":"page","link":"https:\/\/restauranteacquolina.es\/de\/zugaenglichkeitsrichtlinie\/","title":{"rendered":"Zug\u00e4nglichkeitsrichtlinie"},"content":{"rendered":"\t\t<div data-elementor-type=\"wp-page\" data-elementor-id=\"1353\" class=\"elementor elementor-1353 elementor-448\" data-elementor-post-type=\"page\">\n\t\t\t\t<div class=\"elementor-element elementor-element-75ff334 e-flex e-con-boxed wpr-particle-no wpr-jarallax-no wpr-parallax-no wpr-sticky-section-no wpr-equal-height-no e-con e-parent\" data-id=\"75ff334\" data-element_type=\"container\" data-e-type=\"container\">\n\t\t\t\t\t<div class=\"e-con-inner\">\n\t\t\t\t<div class=\"elementor-element elementor-element-8f14091 elementor-widget elementor-widget-text-editor\" data-id=\"8f14091\" data-element_type=\"widget\" data-e-type=\"widget\" data-widget_type=\"text-editor.default\">\n\t\t\t\t<div class=\"elementor-widget-container\">\n\t\t\t\t\t\t\t\t\t<h1><strong>ZUG\u00c4NGLICHKEITSRICHTLINIE<\/strong><\/h1>\n<p>Das Unternehmen RESTAURANTE ACQUOLINA SL verpflichtet sich, seine Website gem\u00e4\u00df dem K\u00f6niglichen Dekret 1112\/2018 vom 7. September \u00fcber die Zug\u00e4nglichkeit von Websites und Anwendungen des \u00f6ffentlichen Sektors f\u00fcr mobile Ger\u00e4te oder von Europa finanzierte Entwicklungen zug\u00e4nglich zu machen.<\/p>\n<p>Diese Erkl\u00e4rung zur Barrierefreiheit gilt f\u00fcr die Website https:\/\/restauranteacquolina.es, mit Ausnahme eingebetteter Inhalte von anderen Domains.<\/p>\n<p>Compliance-Status<\/p>\n<p>Diese Website entspricht vollst\u00e4ndig der RD 1112\/2018 und eine Beschreibung nicht barrierefreier Inhalte ist nicht erforderlich.<\/p>\n<p>Es kann Office-Dateien in PDF- oder anderen Formaten geben, die vor dem 20. September 2018 ver\u00f6ffentlicht wurden und nicht alle Anforderungen an die Barrierefreiheit erf\u00fcllen. Es kann Inhalte von Drittanbietern geben, die nicht von dieser Abteilung entwickelt wurden oder unter deren Kontrolle stehen, wie z. B. B\u00fcroautomatisierungsdateien von verschiedenen Agenturen, die auf dieser Website ver\u00f6ffentlicht werden m\u00fcssen. <\/p>\n<p>Erstellung dieser Erkl\u00e4rung zur Barrierefreiheit<\/p>\n<p>Diese Erkl\u00e4rung wurde am 14. Dezember 2023 erstellt.<\/p>\n<p>Die zur Aktualisierung der Erkl\u00e4rung verwendete Methode war eine von der Firma Proytec Inform\u00e1tica, S.C. durchgef\u00fchrte Bewertung.<\/p>\n<p>Beobachtungen und Kontaktinformationen<\/p>\n<p>Sie k\u00f6nnen Mitteilungen \u00fcber Barrierefreiheitsanforderungen [Artikel 10.2.a) von RD 1112\/2018] machen, wie zum Beispiel:<\/p>\n<p>Melden Sie jeden m\u00f6glichen Versto\u00df auf dieser Website.<\/p>\n<p>Vermitteln Sie andere Schwierigkeiten beim Zugriff auf Inhalte.<\/p>\n<p>Formulieren Sie jede andere Anfrage oder jeden Verbesserungsvorschlag in Bezug auf die Zug\u00e4nglichkeit der Website \u00fcber das folgende Kontaktformular oder rufen Sie 966720048 von 9:00 bis 14:00 Uhr von Montag bis Freitag an.<\/p>\n<p>Sie k\u00f6nnen senden:<\/p>\n<p>Eine Beschwerde bez\u00fcglich der Einhaltung der Anforderungen von RD 1112\/2018.<\/p>\n<p>Eine Anfrage nach barrierefreien Informationen zu:<\/p>\n<p>Inhalte, die vom Anwendungsbereich der RD 1112\/2018 gem\u00e4\u00df Artikel 3, Abschnitt 4 ausgeschlossen sind.<\/p>\n<p>Inhalte, die von der Einhaltung der Barrierefreiheitsanforderungen ausgenommen sind, weil sie eine unverh\u00e4ltnism\u00e4\u00dfige Belastung darstellen.<\/p>\n<p>In dem Antrag auf Zugang zu Informationen m\u00fcssen die Fakten, die Gr\u00fcnde und der Antrag klar dargelegt werden, um nachzuweisen, dass der Antrag angemessen und legitim ist.<\/p>\t\t\t\t\t\t\t\t<\/div>\n\t\t\t\t<\/div>\n\t\t\t\t\t<\/div>\n\t\t\t\t<\/div>\n\t\t\t\t<\/div>\n\t\t","protected":false},"excerpt":{"rendered":"<p>ZUG\u00c4NGLICHKEITSRICHTLINIE Das Unternehmen RESTAURANTE ACQUOLINA SL verpflichtet sich, seine Website gem\u00e4\u00df dem K\u00f6niglichen Dekret 1112\/2018 vom 7. September \u00fcber die Zug\u00e4nglichkeit von Websites und Anwendungen des \u00f6ffentlichen Sektors f\u00fcr mobile Ger\u00e4te oder von Europa finanzierte Entwicklungen zug\u00e4nglich zu machen. Diese Erkl\u00e4rung zur Barrierefreiheit gilt f\u00fcr die Website https:\/\/restauranteacquolina.es, mit Ausnahme eingebetteter Inhalte von anderen Domains. Compliance-Status Diese Website entspricht vollst\u00e4ndig der RD 1112\/2018 und eine Beschreibung nicht barrierefreier Inhalte ist nicht erforderlich. Es kann Office-Dateien in PDF- oder anderen Formaten geben, die vor dem 20. September 2018 ver\u00f6ffentlicht wurden und nicht alle Anforderungen an die Barrierefreiheit erf\u00fcllen. Es kann Inhalte von Drittanbietern geben, die nicht von dieser Abteilung entwickelt wurden oder unter deren Kontrolle stehen, wie z. B. B\u00fcroautomatisierungsdateien von verschiedenen Agenturen, die auf dieser Website ver\u00f6ffentlicht werden m\u00fcssen. Erstellung dieser Erkl\u00e4rung zur Barrierefreiheit Diese Erkl\u00e4rung wurde am 14. Dezember 2023 erstellt. Die zur Aktualisierung der Erkl\u00e4rung verwendete Methode war eine von der Firma Proytec Inform\u00e1tica, S.C. durchgef\u00fchrte Bewertung. Beobachtungen und Kontaktinformationen Sie k\u00f6nnen Mitteilungen \u00fcber Barrierefreiheitsanforderungen [Artikel 10.2.a) von RD 1112\/2018] machen, wie zum Beispiel: Melden Sie jeden m\u00f6glichen Versto\u00df auf dieser Website. Vermitteln Sie andere Schwierigkeiten beim Zugriff auf Inhalte. Formulieren Sie jede andere Anfrage oder jeden Verbesserungsvorschlag in Bezug auf die Zug\u00e4nglichkeit der Website \u00fcber das folgende Kontaktformular oder rufen Sie 966720048 von 9:00 bis 14:00 Uhr von Montag bis Freitag an. Sie k\u00f6nnen senden: Eine Beschwerde bez\u00fcglich der Einhaltung der Anforderungen von RD 1112\/2018. Eine Anfrage nach barrierefreien Informationen zu: Inhalte, die vom Anwendungsbereich der RD 1112\/2018 gem\u00e4\u00df Artikel 3, Abschnitt 4 ausgeschlossen sind. Inhalte, die von der Einhaltung der Barrierefreiheitsanforderungen ausgenommen sind, weil sie eine unverh\u00e4ltnism\u00e4\u00dfige Belastung darstellen. In dem Antrag auf Zugang zu Informationen m\u00fcssen die Fakten, die Gr\u00fcnde und der Antrag klar dargelegt werden, um nachzuweisen, dass der Antrag angemessen und legitim ist.<\/p>\n","protected":false},"author":1,"featured_media":0,"parent":0,"menu_order":0,"comment_status":"closed","ping_status":"closed","template":"","meta":{"footnotes":""},"class_list":["post-1353","page","type-page","status-publish","hentry"],"yoast_head":"<!-- This site is optimized with the Yoast SEO plugin v27.4 - https:\/\/yoast.com\/product\/yoast-seo-wordpress\/ -->\n<title>Zug\u00e4nglichkeitsrichtlinie - Restaurante Acquolina<\/title>\n<meta name=\"robots\" content=\"index, follow, max-snippet:-1, max-image-preview:large, max-video-preview:-1\" \/>\n<link rel=\"canonical\" href=\"https:\/\/restauranteacquolina.es\/de\/zugaenglichkeitsrichtlinie\/\" \/>\n<meta property=\"og:locale\" content=\"de_DE\" \/>\n<meta property=\"og:type\" content=\"article\" \/>\n<meta property=\"og:title\" content=\"Zug\u00e4nglichkeitsrichtlinie - Restaurante Acquolina\" \/>\n<meta property=\"og:description\" content=\"ZUG\u00c4NGLICHKEITSRICHTLINIE Das Unternehmen RESTAURANTE ACQUOLINA SL verpflichtet sich, seine Website gem\u00e4\u00df dem K\u00f6niglichen Dekret 1112\/2018 vom 7. September \u00fcber die Zug\u00e4nglichkeit von Websites und Anwendungen des \u00f6ffentlichen Sektors f\u00fcr mobile Ger\u00e4te oder von Europa finanzierte Entwicklungen zug\u00e4nglich zu machen. Diese Erkl\u00e4rung zur Barrierefreiheit gilt f\u00fcr die Website https:\/\/restauranteacquolina.es, mit Ausnahme eingebetteter Inhalte von anderen Domains. Compliance-Status Diese Website entspricht vollst\u00e4ndig der RD 1112\/2018 und eine Beschreibung nicht barrierefreier Inhalte ist nicht erforderlich. Es kann Office-Dateien in PDF- oder anderen Formaten geben, die vor dem 20. September 2018 ver\u00f6ffentlicht wurden und nicht alle Anforderungen an die Barrierefreiheit erf\u00fcllen. Es kann Inhalte von Drittanbietern geben, die nicht von dieser Abteilung entwickelt wurden oder unter deren Kontrolle stehen, wie z. B. B\u00fcroautomatisierungsdateien von verschiedenen Agenturen, die auf dieser Website ver\u00f6ffentlicht werden m\u00fcssen. Erstellung dieser Erkl\u00e4rung zur Barrierefreiheit Diese Erkl\u00e4rung wurde am 14. Dezember 2023 erstellt. Die zur Aktualisierung der Erkl\u00e4rung verwendete Methode war eine von der Firma Proytec Inform\u00e1tica, S.C. durchgef\u00fchrte Bewertung. Beobachtungen und Kontaktinformationen Sie k\u00f6nnen Mitteilungen \u00fcber Barrierefreiheitsanforderungen [Artikel 10.2.a) von RD 1112\/2018] machen, wie zum Beispiel: Melden Sie jeden m\u00f6glichen Versto\u00df auf dieser Website. Vermitteln Sie andere Schwierigkeiten beim Zugriff auf Inhalte. Formulieren Sie jede andere Anfrage oder jeden Verbesserungsvorschlag in Bezug auf die Zug\u00e4nglichkeit der Website \u00fcber das folgende Kontaktformular oder rufen Sie 966720048 von 9:00 bis 14:00 Uhr von Montag bis Freitag an. Sie k\u00f6nnen senden: Eine Beschwerde bez\u00fcglich der Einhaltung der Anforderungen von RD 1112\/2018. Eine Anfrage nach barrierefreien Informationen zu: Inhalte, die vom Anwendungsbereich der RD 1112\/2018 gem\u00e4\u00df Artikel 3, Abschnitt 4 ausgeschlossen sind. Inhalte, die von der Einhaltung der Barrierefreiheitsanforderungen ausgenommen sind, weil sie eine unverh\u00e4ltnism\u00e4\u00dfige Belastung darstellen. In dem Antrag auf Zugang zu Informationen m\u00fcssen die Fakten, die Gr\u00fcnde und der Antrag klar dargelegt werden, um nachzuweisen, dass der Antrag angemessen und legitim ist.\" \/>\n<meta property=\"og:url\" content=\"https:\/\/restauranteacquolina.es\/de\/zugaenglichkeitsrichtlinie\/\" \/>\n<meta property=\"og:site_name\" content=\"Restaurante Acquolina\" \/>\n<meta property=\"article:modified_time\" content=\"2024-09-23T10:42:07+00:00\" \/>\n<meta property=\"og:image\" content=\"https:\/\/restauranteacquolina.es\/wp-content\/uploads\/2024\/09\/WhatsApp-Image-2024-09-06-at-20.03.42-5.jpeg\" \/>\n\t<meta property=\"og:image:width\" content=\"1200\" \/>\n\t<meta property=\"og:image:height\" content=\"1600\" \/>\n\t<meta property=\"og:image:type\" content=\"image\/jpeg\" \/>\n<meta name=\"twitter:card\" content=\"summary_large_image\" \/>\n<meta name=\"twitter:label1\" content=\"Gesch\u00e4tzte Lesezeit\" \/>\n\t<meta name=\"twitter:data1\" content=\"2\u00a0Minuten\" \/>\n<script type=\"application\/ld+json\" class=\"yoast-schema-graph\">{\"@context\":\"https:\\\/\\\/schema.org\",\"@graph\":[{\"@type\":\"WebPage\",\"@id\":\"https:\\\/\\\/restauranteacquolina.es\\\/de\\\/zugaenglichkeitsrichtlinie\\\/\",\"url\":\"https:\\\/\\\/restauranteacquolina.es\\\/de\\\/zugaenglichkeitsrichtlinie\\\/\",\"name\":\"Zug\u00e4nglichkeitsrichtlinie - Restaurante Acquolina\",\"isPartOf\":{\"@id\":\"https:\\\/\\\/restauranteacquolina.es\\\/de\\\/#website\"},\"datePublished\":\"2024-09-11T11:11:49+00:00\",\"dateModified\":\"2024-09-23T10:42:07+00:00\",\"breadcrumb\":{\"@id\":\"https:\\\/\\\/restauranteacquolina.es\\\/de\\\/zugaenglichkeitsrichtlinie\\\/#breadcrumb\"},\"inLanguage\":\"de\",\"potentialAction\":[{\"@type\":\"ReadAction\",\"target\":[\"https:\\\/\\\/restauranteacquolina.es\\\/de\\\/zugaenglichkeitsrichtlinie\\\/\"]}]},{\"@type\":\"BreadcrumbList\",\"@id\":\"https:\\\/\\\/restauranteacquolina.es\\\/de\\\/zugaenglichkeitsrichtlinie\\\/#breadcrumb\",\"itemListElement\":[{\"@type\":\"ListItem\",\"position\":1,\"name\":\"Portada\",\"item\":\"https:\\\/\\\/restauranteacquolina.es\\\/de\\\/\"},{\"@type\":\"ListItem\",\"position\":2,\"name\":\"Zug\u00e4nglichkeitsrichtlinie\"}]},{\"@type\":\"WebSite\",\"@id\":\"https:\\\/\\\/restauranteacquolina.es\\\/de\\\/#website\",\"url\":\"https:\\\/\\\/restauranteacquolina.es\\\/de\\\/\",\"name\":\"Restaurante Acquolina\",\"description\":\"Restaurante Acquolina en La Mata, Torrevieja. Pizzas, arroces, carnes y pescados de la mejor calidad.\",\"publisher\":{\"@id\":\"https:\\\/\\\/restauranteacquolina.es\\\/de\\\/#organization\"},\"alternateName\":\"Acquolina\",\"potentialAction\":[{\"@type\":\"SearchAction\",\"target\":{\"@type\":\"EntryPoint\",\"urlTemplate\":\"https:\\\/\\\/restauranteacquolina.es\\\/de\\\/?s={search_term_string}\"},\"query-input\":{\"@type\":\"PropertyValueSpecification\",\"valueRequired\":true,\"valueName\":\"search_term_string\"}}],\"inLanguage\":\"de\"},{\"@type\":\"Organization\",\"@id\":\"https:\\\/\\\/restauranteacquolina.es\\\/de\\\/#organization\",\"name\":\"Restaurante Acquolina\",\"alternateName\":\"Restaurante Acquolina\",\"url\":\"https:\\\/\\\/restauranteacquolina.es\\\/de\\\/\",\"logo\":{\"@type\":\"ImageObject\",\"inLanguage\":\"de\",\"@id\":\"https:\\\/\\\/restauranteacquolina.es\\\/de\\\/#\\\/schema\\\/logo\\\/image\\\/\",\"url\":\"https:\\\/\\\/restauranteacquolina.es\\\/wp-content\\\/uploads\\\/2024\\\/10\\\/cropped-LOGO-ACQUOLINA_T-2.webp\",\"contentUrl\":\"https:\\\/\\\/restauranteacquolina.es\\\/wp-content\\\/uploads\\\/2024\\\/10\\\/cropped-LOGO-ACQUOLINA_T-2.webp\",\"width\":1570,\"height\":658,\"caption\":\"Restaurante Acquolina\"},\"image\":{\"@id\":\"https:\\\/\\\/restauranteacquolina.es\\\/de\\\/#\\\/schema\\\/logo\\\/image\\\/\"}}]}<\/script>\n<!-- \/ Yoast SEO plugin. -->","yoast_head_json":{"title":"Zug\u00e4nglichkeitsrichtlinie - Restaurante Acquolina","robots":{"index":"index","follow":"follow","max-snippet":"max-snippet:-1","max-image-preview":"max-image-preview:large","max-video-preview":"max-video-preview:-1"},"canonical":"https:\/\/restauranteacquolina.es\/de\/zugaenglichkeitsrichtlinie\/","og_locale":"de_DE","og_type":"article","og_title":"Zug\u00e4nglichkeitsrichtlinie - Restaurante Acquolina","og_description":"ZUG\u00c4NGLICHKEITSRICHTLINIE Das Unternehmen RESTAURANTE ACQUOLINA SL verpflichtet sich, seine Website gem\u00e4\u00df dem K\u00f6niglichen Dekret 1112\/2018 vom 7. September \u00fcber die Zug\u00e4nglichkeit von Websites und Anwendungen des \u00f6ffentlichen Sektors f\u00fcr mobile Ger\u00e4te oder von Europa finanzierte Entwicklungen zug\u00e4nglich zu machen. Diese Erkl\u00e4rung zur Barrierefreiheit gilt f\u00fcr die Website https:\/\/restauranteacquolina.es, mit Ausnahme eingebetteter Inhalte von anderen Domains. Compliance-Status Diese Website entspricht vollst\u00e4ndig der RD 1112\/2018 und eine Beschreibung nicht barrierefreier Inhalte ist nicht erforderlich. Es kann Office-Dateien in PDF- oder anderen Formaten geben, die vor dem 20. September 2018 ver\u00f6ffentlicht wurden und nicht alle Anforderungen an die Barrierefreiheit erf\u00fcllen. Es kann Inhalte von Drittanbietern geben, die nicht von dieser Abteilung entwickelt wurden oder unter deren Kontrolle stehen, wie z. B. B\u00fcroautomatisierungsdateien von verschiedenen Agenturen, die auf dieser Website ver\u00f6ffentlicht werden m\u00fcssen. Erstellung dieser Erkl\u00e4rung zur Barrierefreiheit Diese Erkl\u00e4rung wurde am 14. Dezember 2023 erstellt. Die zur Aktualisierung der Erkl\u00e4rung verwendete Methode war eine von der Firma Proytec Inform\u00e1tica, S.C. durchgef\u00fchrte Bewertung. Beobachtungen und Kontaktinformationen Sie k\u00f6nnen Mitteilungen \u00fcber Barrierefreiheitsanforderungen [Artikel 10.2.a) von RD 1112\/2018] machen, wie zum Beispiel: Melden Sie jeden m\u00f6glichen Versto\u00df auf dieser Website. Vermitteln Sie andere Schwierigkeiten beim Zugriff auf Inhalte. Formulieren Sie jede andere Anfrage oder jeden Verbesserungsvorschlag in Bezug auf die Zug\u00e4nglichkeit der Website \u00fcber das folgende Kontaktformular oder rufen Sie 966720048 von 9:00 bis 14:00 Uhr von Montag bis Freitag an. Sie k\u00f6nnen senden: Eine Beschwerde bez\u00fcglich der Einhaltung der Anforderungen von RD 1112\/2018. Eine Anfrage nach barrierefreien Informationen zu: Inhalte, die vom Anwendungsbereich der RD 1112\/2018 gem\u00e4\u00df Artikel 3, Abschnitt 4 ausgeschlossen sind. Inhalte, die von der Einhaltung der Barrierefreiheitsanforderungen ausgenommen sind, weil sie eine unverh\u00e4ltnism\u00e4\u00dfige Belastung darstellen. In dem Antrag auf Zugang zu Informationen m\u00fcssen die Fakten, die Gr\u00fcnde und der Antrag klar dargelegt werden, um nachzuweisen, dass der Antrag angemessen und legitim ist.","og_url":"https:\/\/restauranteacquolina.es\/de\/zugaenglichkeitsrichtlinie\/","og_site_name":"Restaurante Acquolina","article_modified_time":"2024-09-23T10:42:07+00:00","og_image":[{"width":1200,"height":1600,"url":"https:\/\/restauranteacquolina.es\/wp-content\/uploads\/2024\/09\/WhatsApp-Image-2024-09-06-at-20.03.42-5.jpeg","type":"image\/jpeg"}],"twitter_card":"summary_large_image","twitter_misc":{"Gesch\u00e4tzte Lesezeit":"2\u00a0Minuten"},"schema":{"@context":"https:\/\/schema.org","@graph":[{"@type":"WebPage","@id":"https:\/\/restauranteacquolina.es\/de\/zugaenglichkeitsrichtlinie\/","url":"https:\/\/restauranteacquolina.es\/de\/zugaenglichkeitsrichtlinie\/","name":"Zug\u00e4nglichkeitsrichtlinie - Restaurante Acquolina","isPartOf":{"@id":"https:\/\/restauranteacquolina.es\/de\/#website"},"datePublished":"2024-09-11T11:11:49+00:00","dateModified":"2024-09-23T10:42:07+00:00","breadcrumb":{"@id":"https:\/\/restauranteacquolina.es\/de\/zugaenglichkeitsrichtlinie\/#breadcrumb"},"inLanguage":"de","potentialAction":[{"@type":"ReadAction","target":["https:\/\/restauranteacquolina.es\/de\/zugaenglichkeitsrichtlinie\/"]}]},{"@type":"BreadcrumbList","@id":"https:\/\/restauranteacquolina.es\/de\/zugaenglichkeitsrichtlinie\/#breadcrumb","itemListElement":[{"@type":"ListItem","position":1,"name":"Portada","item":"https:\/\/restauranteacquolina.es\/de\/"},{"@type":"ListItem","position":2,"name":"Zug\u00e4nglichkeitsrichtlinie"}]},{"@type":"WebSite","@id":"https:\/\/restauranteacquolina.es\/de\/#website","url":"https:\/\/restauranteacquolina.es\/de\/","name":"Restaurante Acquolina","description":"Restaurante Acquolina en La Mata, Torrevieja. Pizzas, arroces, carnes y pescados de la mejor calidad.","publisher":{"@id":"https:\/\/restauranteacquolina.es\/de\/#organization"},"alternateName":"Acquolina","potentialAction":[{"@type":"SearchAction","target":{"@type":"EntryPoint","urlTemplate":"https:\/\/restauranteacquolina.es\/de\/?s={search_term_string}"},"query-input":{"@type":"PropertyValueSpecification","valueRequired":true,"valueName":"search_term_string"}}],"inLanguage":"de"},{"@type":"Organization","@id":"https:\/\/restauranteacquolina.es\/de\/#organization","name":"Restaurante Acquolina","alternateName":"Restaurante Acquolina","url":"https:\/\/restauranteacquolina.es\/de\/","logo":{"@type":"ImageObject","inLanguage":"de","@id":"https:\/\/restauranteacquolina.es\/de\/#\/schema\/logo\/image\/","url":"https:\/\/restauranteacquolina.es\/wp-content\/uploads\/2024\/10\/cropped-LOGO-ACQUOLINA_T-2.webp","contentUrl":"https:\/\/restauranteacquolina.es\/wp-content\/uploads\/2024\/10\/cropped-LOGO-ACQUOLINA_T-2.webp","width":1570,"height":658,"caption":"Restaurante Acquolina"},"image":{"@id":"https:\/\/restauranteacquolina.es\/de\/#\/schema\/logo\/image\/"}}]}},"_links":{"self":[{"href":"https:\/\/restauranteacquolina.es\/de\/wp-json\/wp\/v2\/pages\/1353","targetHints":{"allow":["GET"]}}],"collection":[{"href":"https:\/\/restauranteacquolina.es\/de\/wp-json\/wp\/v2\/pages"}],"about":[{"href":"https:\/\/restauranteacquolina.es\/de\/wp-json\/wp\/v2\/types\/page"}],"author":[{"embeddable":true,"href":"https:\/\/restauranteacquolina.es\/de\/wp-json\/wp\/v2\/users\/1"}],"replies":[{"embeddable":true,"href":"https:\/\/restauranteacquolina.es\/de\/wp-json\/wp\/v2\/comments?post=1353"}],"version-history":[{"count":0,"href":"https:\/\/restauranteacquolina.es\/de\/wp-json\/wp\/v2\/pages\/1353\/revisions"}],"wp:attachment":[{"href":"https:\/\/restauranteacquolina.es\/de\/wp-json\/wp\/v2\/media?parent=1353"}],"curies":[{"name":"wp","href":"https:\/\/api.w.org\/{rel}","templated":true}]}}