{"id":1347,"date":"2024-09-11T13:12:08","date_gmt":"2024-09-11T11:12:08","guid":{"rendered":"https:\/\/restauranteacquolina.es\/datenschutzrichtlinie\/"},"modified":"2024-09-23T12:43:17","modified_gmt":"2024-09-23T10:43:17","slug":"datenschutzrichtlinie","status":"publish","type":"page","link":"https:\/\/restauranteacquolina.es\/de\/datenschutzrichtlinie\/","title":{"rendered":"Datenschutzrichtlinie"},"content":{"rendered":"\t\t<div data-elementor-type=\"wp-page\" data-elementor-id=\"1347\" class=\"elementor elementor-1347 elementor-451\" data-elementor-post-type=\"page\">\n\t\t\t\t<div class=\"elementor-element elementor-element-f4fab67 e-flex e-con-boxed wpr-particle-no wpr-jarallax-no wpr-parallax-no wpr-sticky-section-no e-con e-parent\" data-id=\"f4fab67\" data-element_type=\"container\" data-e-type=\"container\">\n\t\t\t\t\t<div class=\"e-con-inner\">\n\t\t\t\t<div class=\"elementor-element elementor-element-49f545b elementor-widget elementor-widget-text-editor\" data-id=\"49f545b\" data-element_type=\"widget\" data-e-type=\"widget\" data-widget_type=\"text-editor.default\">\n\t\t\t\t<div class=\"elementor-widget-container\">\n\t\t\t\t\t\t\t\t\t<h1><strong>DATENSCHUTZRICHTLINIE<\/strong><\/h1>\n<p>&nbsp;R<span style=\"text-align: var(--text-align); font-size: 1rem;\">ESTAURANTE ACQUOLINA SL<\/span> informiert Sie hiermit \u00fcber seine Datenschutzpolitik in Bezug auf pers\u00f6nliche Daten.\nDie Nutzung der Website https:\/\/restauranteacquolina.es setzt nicht voraus, dass der Nutzer Angaben zu seiner Identit\u00e4t macht, und kann vom Unternehmen nicht mit einem bestimmten Nutzer in Verbindung gebracht werden.\nFalls personenbezogene Daten angegeben werden, werden diese Daten in \u00dcbereinstimmung mit den in der oben genannten Verordnung festgelegten Einschr\u00e4nkungen und Rechten gesammelt und verwendet.  <\/p>\n<h3>Wer ist f\u00fcr die Verarbeitung Ihrer Daten verantwortlich?<\/h3>\n<p><strong>Identit\u00e4t:&nbsp;<\/strong><span style=\"text-align: var(--text-align); font-size: 1rem;\">RESTAURANTE ACQUOLINA SL<\/span><\/p>\n<p><strong>NIF:<\/strong>&nbsp;X-0621046-T<\/p>\n<p><strong>Postanschrift:<\/strong>&nbsp;Avda. La Marquesa, 22. 03187. Los Montesinos (Alicante)   <\/p>\n<p><strong>Telefonnummer:&nbsp;<\/strong>966721323<\/p>\n<p><strong>E-Mail:<\/strong>&nbsp;info@restauranteacquolina.es<\/p>\n<h3>Zu welchem Zweck verarbeiten wir Ihre personenbezogenen Daten?<\/h3>\n<p>&nbsp;Bei RESTAURANTE ACQUOLINA SL verwenden wir Ihre pers\u00f6nlichen Daten nur, um auf Anfragen zu antworten, die Sie uns \u00fcber die auf unserer Website bereitgestellten Mittel schicken. Die Behandlung, die wir vornehmen, dient ausschlie\u00dflich der Beantwortung der Anfragen, die Sie an uns richten. <\/p>\n<h3>Was ist die Legitimit\u00e4t f\u00fcr die Verarbeitung Ihrer Daten?<\/h3>\n<p>Die Rechtsgrundlage f\u00fcr die Verarbeitung Ihrer Daten ist die informierte Zustimmung zur Beantwortung von Anfragen, die \u00fcber die Website gestellt werden, was die Annahme dieser Bedingungen durch den Interessenten voraussetzt.<\/p>\n<h3>An welche Empf\u00e4nger werden Ihre Daten weitergegeben?<\/h3>\n<p>Personenbezogene Daten werden nicht an Dritte weitergegeben, es sei denn, es besteht eine gesetzliche Verpflichtung.<\/p>\n<h3>Wie lange werden wir Ihre Daten aufbewahren?<\/h3>\n<p>Die Daten werden so lange aufbewahrt, wie es f\u00fcr die Beantwortung von Anfragen erforderlich ist, und danach f\u00fcr 12 Monate, um m\u00f6gliche Fehler oder Missverst\u00e4ndnisse zu vermeiden.<\/p>\n<h3>Welche Rechte haben Sie, wenn Sie uns Ihre Daten zur Verf\u00fcgung stellen?<\/h3>\n<p>&nbsp;Sie haben das Recht, eine Best\u00e4tigung dar\u00fcber zu erhalten, ob die RESTAURANTE ACQUOLINA SL Sie betreffende personenbezogene Daten verarbeitet oder nicht. Sie haben au\u00dferdem das Recht, auf Ihre personenbezogenen Daten zuzugreifen sowie die Berichtigung unrichtiger Daten oder gegebenenfalls deren L\u00f6schung zu verlangen, wenn die Daten unter anderem f\u00fcr die Zwecke, f\u00fcr die sie erhoben wurden, nicht mehr erforderlich sind, sowie ihre \u00dcbertragbarkeit zu verlangen. <\/p>\n<p>Unter bestimmten Umst\u00e4nden k\u00f6nnen Sie verlangen, dass wir die Verarbeitung Ihrer Daten einschr\u00e4nken. In diesem Fall werden wir sie nur zum Zweck der Geltendmachung oder Abwehr von Anspr\u00fcchen aufbewahren. Aus Gr\u00fcnden, die sich auf Ihre besondere Situation beziehen, k\u00f6nnen Sie auch der Verarbeitung Ihrer Daten widersprechen. <\/p>\n<p>&nbsp;R<span style=\"text-align: var(--text-align); font-size: 1rem;\">ESTAURANTE ACQUOLINA SL<\/span> wird die Verarbeitung der Daten einstellen, es sei denn, es liegen zwingende legitime Gr\u00fcnde oder die Aus\u00fcbung oder Verteidigung m\u00f6glicher Anspr\u00fcche vor.\nDenken Sie daran, dass Sie jederzeit eine Beschwerde bei der Aufsichtsbeh\u00f6rde einreichen k\u00f6nnen. <\/p>\n<h3>Wie haben wir Ihre Daten erhalten?<\/h3>\n<p>Die von uns verarbeiteten personenbezogenen Daten wurden direkt von Ihnen \u00fcber die verschiedenen auf der Website verf\u00fcgbaren Formulare bereitgestellt.<\/p>\n<p>Es werden ausschlie\u00dflich die angegebenen Identifikations- und Kontaktdaten verarbeitet.<\/p>\t\t\t\t\t\t\t\t<\/div>\n\t\t\t\t<\/div>\n\t\t\t\t\t<\/div>\n\t\t\t\t<\/div>\n\t\t\t\t<\/div>\n\t\t","protected":false},"excerpt":{"rendered":"<p>DATENSCHUTZRICHTLINIE &nbsp;RESTAURANTE ACQUOLINA SL informiert Sie hiermit \u00fcber seine Datenschutzpolitik in Bezug auf pers\u00f6nliche Daten. Die Nutzung der Website https:\/\/restauranteacquolina.es setzt nicht voraus, dass der Nutzer Angaben zu seiner Identit\u00e4t macht, und kann vom Unternehmen nicht mit einem bestimmten Nutzer in Verbindung gebracht werden. Falls personenbezogene Daten angegeben werden, werden diese Daten in \u00dcbereinstimmung mit den in der oben genannten Verordnung festgelegten Einschr\u00e4nkungen und Rechten gesammelt und verwendet. Wer ist f\u00fcr die Verarbeitung Ihrer Daten verantwortlich? Identit\u00e4t:&nbsp;RESTAURANTE ACQUOLINA SL NIF:&nbsp;X-0621046-T Postanschrift:&nbsp;Avda. La Marquesa, 22. 03187. Los Montesinos (Alicante) Telefonnummer:&nbsp;966721323 E-Mail:&nbsp;info@restauranteacquolina.es Zu welchem Zweck verarbeiten wir Ihre personenbezogenen Daten? &nbsp;Bei RESTAURANTE ACQUOLINA SL verwenden wir Ihre pers\u00f6nlichen Daten nur, um auf Anfragen zu antworten, die Sie uns \u00fcber die auf unserer Website bereitgestellten Mittel schicken. Die Behandlung, die wir vornehmen, dient ausschlie\u00dflich der Beantwortung der Anfragen, die Sie an uns richten. Was ist die Legitimit\u00e4t f\u00fcr die Verarbeitung Ihrer Daten? Die Rechtsgrundlage f\u00fcr die Verarbeitung Ihrer Daten ist die informierte Zustimmung zur Beantwortung von Anfragen, die \u00fcber die Website gestellt werden, was die Annahme dieser Bedingungen durch den Interessenten voraussetzt. An welche Empf\u00e4nger werden Ihre Daten weitergegeben? Personenbezogene Daten werden nicht an Dritte weitergegeben, es sei denn, es besteht eine gesetzliche Verpflichtung. Wie lange werden wir Ihre Daten aufbewahren? Die Daten werden so lange aufbewahrt, wie es f\u00fcr die Beantwortung von Anfragen erforderlich ist, und danach f\u00fcr 12 Monate, um m\u00f6gliche Fehler oder Missverst\u00e4ndnisse zu vermeiden. Welche Rechte haben Sie, wenn Sie uns Ihre Daten zur Verf\u00fcgung stellen? &nbsp;Sie haben das Recht, eine Best\u00e4tigung dar\u00fcber zu erhalten, ob die RESTAURANTE ACQUOLINA SL Sie betreffende personenbezogene Daten verarbeitet oder nicht. Sie haben au\u00dferdem das Recht, auf Ihre personenbezogenen Daten zuzugreifen sowie die Berichtigung unrichtiger Daten oder gegebenenfalls deren L\u00f6schung zu verlangen, wenn die Daten unter anderem f\u00fcr die Zwecke, f\u00fcr die sie erhoben wurden, nicht mehr erforderlich sind, sowie ihre \u00dcbertragbarkeit zu verlangen. Unter bestimmten Umst\u00e4nden k\u00f6nnen Sie verlangen, dass wir die Verarbeitung Ihrer Daten einschr\u00e4nken. In diesem Fall werden wir sie nur zum Zweck der Geltendmachung oder Abwehr von Anspr\u00fcchen aufbewahren. Aus Gr\u00fcnden, die sich auf Ihre besondere Situation beziehen, k\u00f6nnen Sie auch der Verarbeitung Ihrer Daten widersprechen. &nbsp;RESTAURANTE ACQUOLINA SL wird die Verarbeitung der Daten einstellen, es sei denn, es liegen zwingende legitime Gr\u00fcnde oder die Aus\u00fcbung oder Verteidigung m\u00f6glicher Anspr\u00fcche vor. Denken Sie daran, dass Sie jederzeit eine Beschwerde bei der Aufsichtsbeh\u00f6rde einreichen k\u00f6nnen. Wie haben wir Ihre Daten erhalten? Die von uns verarbeiteten personenbezogenen Daten wurden direkt von Ihnen \u00fcber die verschiedenen auf der Website verf\u00fcgbaren Formulare bereitgestellt. Es werden ausschlie\u00dflich die angegebenen Identifikations- und Kontaktdaten verarbeitet.<\/p>\n","protected":false},"author":1,"featured_media":0,"parent":0,"menu_order":0,"comment_status":"closed","ping_status":"closed","template":"","meta":{"footnotes":""},"class_list":["post-1347","page","type-page","status-publish","hentry"],"yoast_head":"<!-- This site is optimized with the Yoast SEO plugin v27.3 - https:\/\/yoast.com\/product\/yoast-seo-wordpress\/ -->\n<title>Datenschutzrichtlinie - Restaurante Acquolina<\/title>\n<meta name=\"robots\" content=\"index, follow, max-snippet:-1, max-image-preview:large, max-video-preview:-1\" \/>\n<link rel=\"canonical\" href=\"https:\/\/restauranteacquolina.es\/de\/datenschutzrichtlinie\/\" \/>\n<meta property=\"og:locale\" content=\"de_DE\" \/>\n<meta property=\"og:type\" content=\"article\" \/>\n<meta property=\"og:title\" content=\"Datenschutzrichtlinie - Restaurante Acquolina\" \/>\n<meta property=\"og:description\" content=\"DATENSCHUTZRICHTLINIE &nbsp;RESTAURANTE ACQUOLINA SL informiert Sie hiermit \u00fcber seine Datenschutzpolitik in Bezug auf pers\u00f6nliche Daten. Die Nutzung der Website https:\/\/restauranteacquolina.es setzt nicht voraus, dass der Nutzer Angaben zu seiner Identit\u00e4t macht, und kann vom Unternehmen nicht mit einem bestimmten Nutzer in Verbindung gebracht werden. Falls personenbezogene Daten angegeben werden, werden diese Daten in \u00dcbereinstimmung mit den in der oben genannten Verordnung festgelegten Einschr\u00e4nkungen und Rechten gesammelt und verwendet. Wer ist f\u00fcr die Verarbeitung Ihrer Daten verantwortlich? Identit\u00e4t:&nbsp;RESTAURANTE ACQUOLINA SL NIF:&nbsp;X-0621046-T Postanschrift:&nbsp;Avda. La Marquesa, 22. 03187. Los Montesinos (Alicante) Telefonnummer:&nbsp;966721323 E-Mail:&nbsp;info@restauranteacquolina.es Zu welchem Zweck verarbeiten wir Ihre personenbezogenen Daten? &nbsp;Bei RESTAURANTE ACQUOLINA SL verwenden wir Ihre pers\u00f6nlichen Daten nur, um auf Anfragen zu antworten, die Sie uns \u00fcber die auf unserer Website bereitgestellten Mittel schicken. Die Behandlung, die wir vornehmen, dient ausschlie\u00dflich der Beantwortung der Anfragen, die Sie an uns richten. Was ist die Legitimit\u00e4t f\u00fcr die Verarbeitung Ihrer Daten? Die Rechtsgrundlage f\u00fcr die Verarbeitung Ihrer Daten ist die informierte Zustimmung zur Beantwortung von Anfragen, die \u00fcber die Website gestellt werden, was die Annahme dieser Bedingungen durch den Interessenten voraussetzt. An welche Empf\u00e4nger werden Ihre Daten weitergegeben? Personenbezogene Daten werden nicht an Dritte weitergegeben, es sei denn, es besteht eine gesetzliche Verpflichtung. Wie lange werden wir Ihre Daten aufbewahren? Die Daten werden so lange aufbewahrt, wie es f\u00fcr die Beantwortung von Anfragen erforderlich ist, und danach f\u00fcr 12 Monate, um m\u00f6gliche Fehler oder Missverst\u00e4ndnisse zu vermeiden. Welche Rechte haben Sie, wenn Sie uns Ihre Daten zur Verf\u00fcgung stellen? &nbsp;Sie haben das Recht, eine Best\u00e4tigung dar\u00fcber zu erhalten, ob die RESTAURANTE ACQUOLINA SL Sie betreffende personenbezogene Daten verarbeitet oder nicht. Sie haben au\u00dferdem das Recht, auf Ihre personenbezogenen Daten zuzugreifen sowie die Berichtigung unrichtiger Daten oder gegebenenfalls deren L\u00f6schung zu verlangen, wenn die Daten unter anderem f\u00fcr die Zwecke, f\u00fcr die sie erhoben wurden, nicht mehr erforderlich sind, sowie ihre \u00dcbertragbarkeit zu verlangen. Unter bestimmten Umst\u00e4nden k\u00f6nnen Sie verlangen, dass wir die Verarbeitung Ihrer Daten einschr\u00e4nken. In diesem Fall werden wir sie nur zum Zweck der Geltendmachung oder Abwehr von Anspr\u00fcchen aufbewahren. Aus Gr\u00fcnden, die sich auf Ihre besondere Situation beziehen, k\u00f6nnen Sie auch der Verarbeitung Ihrer Daten widersprechen. &nbsp;RESTAURANTE ACQUOLINA SL wird die Verarbeitung der Daten einstellen, es sei denn, es liegen zwingende legitime Gr\u00fcnde oder die Aus\u00fcbung oder Verteidigung m\u00f6glicher Anspr\u00fcche vor. Denken Sie daran, dass Sie jederzeit eine Beschwerde bei der Aufsichtsbeh\u00f6rde einreichen k\u00f6nnen. Wie haben wir Ihre Daten erhalten? Die von uns verarbeiteten personenbezogenen Daten wurden direkt von Ihnen \u00fcber die verschiedenen auf der Website verf\u00fcgbaren Formulare bereitgestellt. Es werden ausschlie\u00dflich die angegebenen Identifikations- und Kontaktdaten verarbeitet.\" \/>\n<meta property=\"og:url\" content=\"https:\/\/restauranteacquolina.es\/de\/datenschutzrichtlinie\/\" \/>\n<meta property=\"og:site_name\" content=\"Restaurante Acquolina\" \/>\n<meta property=\"article:modified_time\" content=\"2024-09-23T10:43:17+00:00\" \/>\n<meta property=\"og:image\" content=\"https:\/\/restauranteacquolina.es\/wp-content\/uploads\/2024\/09\/WhatsApp-Image-2024-09-06-at-20.03.42-5.jpeg\" \/>\n\t<meta property=\"og:image:width\" content=\"1200\" \/>\n\t<meta property=\"og:image:height\" content=\"1600\" \/>\n\t<meta property=\"og:image:type\" content=\"image\/jpeg\" \/>\n<meta name=\"twitter:card\" content=\"summary_large_image\" \/>\n<meta name=\"twitter:label1\" content=\"Gesch\u00e4tzte Lesezeit\" \/>\n\t<meta name=\"twitter:data1\" content=\"2\u00a0Minuten\" \/>\n<script type=\"application\/ld+json\" class=\"yoast-schema-graph\">{\"@context\":\"https:\\\/\\\/schema.org\",\"@graph\":[{\"@type\":\"WebPage\",\"@id\":\"https:\\\/\\\/restauranteacquolina.es\\\/de\\\/datenschutzrichtlinie\\\/\",\"url\":\"https:\\\/\\\/restauranteacquolina.es\\\/de\\\/datenschutzrichtlinie\\\/\",\"name\":\"Datenschutzrichtlinie - Restaurante Acquolina\",\"isPartOf\":{\"@id\":\"https:\\\/\\\/restauranteacquolina.es\\\/de\\\/#website\"},\"datePublished\":\"2024-09-11T11:12:08+00:00\",\"dateModified\":\"2024-09-23T10:43:17+00:00\",\"breadcrumb\":{\"@id\":\"https:\\\/\\\/restauranteacquolina.es\\\/de\\\/datenschutzrichtlinie\\\/#breadcrumb\"},\"inLanguage\":\"de\",\"potentialAction\":[{\"@type\":\"ReadAction\",\"target\":[\"https:\\\/\\\/restauranteacquolina.es\\\/de\\\/datenschutzrichtlinie\\\/\"]}]},{\"@type\":\"BreadcrumbList\",\"@id\":\"https:\\\/\\\/restauranteacquolina.es\\\/de\\\/datenschutzrichtlinie\\\/#breadcrumb\",\"itemListElement\":[{\"@type\":\"ListItem\",\"position\":1,\"name\":\"Portada\",\"item\":\"https:\\\/\\\/restauranteacquolina.es\\\/de\\\/\"},{\"@type\":\"ListItem\",\"position\":2,\"name\":\"Datenschutzrichtlinie\"}]},{\"@type\":\"WebSite\",\"@id\":\"https:\\\/\\\/restauranteacquolina.es\\\/de\\\/#website\",\"url\":\"https:\\\/\\\/restauranteacquolina.es\\\/de\\\/\",\"name\":\"Restaurante Acquolina\",\"description\":\"Restaurante Acquolina en La Mata, Torrevieja. Pizzas, arroces, carnes y pescados de la mejor calidad.\",\"publisher\":{\"@id\":\"https:\\\/\\\/restauranteacquolina.es\\\/de\\\/#organization\"},\"alternateName\":\"Acquolina\",\"potentialAction\":[{\"@type\":\"SearchAction\",\"target\":{\"@type\":\"EntryPoint\",\"urlTemplate\":\"https:\\\/\\\/restauranteacquolina.es\\\/de\\\/?s={search_term_string}\"},\"query-input\":{\"@type\":\"PropertyValueSpecification\",\"valueRequired\":true,\"valueName\":\"search_term_string\"}}],\"inLanguage\":\"de\"},{\"@type\":\"Organization\",\"@id\":\"https:\\\/\\\/restauranteacquolina.es\\\/de\\\/#organization\",\"name\":\"Restaurante Acquolina\",\"alternateName\":\"Restaurante Acquolina\",\"url\":\"https:\\\/\\\/restauranteacquolina.es\\\/de\\\/\",\"logo\":{\"@type\":\"ImageObject\",\"inLanguage\":\"de\",\"@id\":\"https:\\\/\\\/restauranteacquolina.es\\\/de\\\/#\\\/schema\\\/logo\\\/image\\\/\",\"url\":\"https:\\\/\\\/restauranteacquolina.es\\\/wp-content\\\/uploads\\\/2024\\\/10\\\/cropped-LOGO-ACQUOLINA_T-2.webp\",\"contentUrl\":\"https:\\\/\\\/restauranteacquolina.es\\\/wp-content\\\/uploads\\\/2024\\\/10\\\/cropped-LOGO-ACQUOLINA_T-2.webp\",\"width\":1570,\"height\":658,\"caption\":\"Restaurante Acquolina\"},\"image\":{\"@id\":\"https:\\\/\\\/restauranteacquolina.es\\\/de\\\/#\\\/schema\\\/logo\\\/image\\\/\"}}]}<\/script>\n<!-- \/ Yoast SEO plugin. -->","yoast_head_json":{"title":"Datenschutzrichtlinie - Restaurante Acquolina","robots":{"index":"index","follow":"follow","max-snippet":"max-snippet:-1","max-image-preview":"max-image-preview:large","max-video-preview":"max-video-preview:-1"},"canonical":"https:\/\/restauranteacquolina.es\/de\/datenschutzrichtlinie\/","og_locale":"de_DE","og_type":"article","og_title":"Datenschutzrichtlinie - Restaurante Acquolina","og_description":"DATENSCHUTZRICHTLINIE &nbsp;RESTAURANTE ACQUOLINA SL informiert Sie hiermit \u00fcber seine Datenschutzpolitik in Bezug auf pers\u00f6nliche Daten. Die Nutzung der Website https:\/\/restauranteacquolina.es setzt nicht voraus, dass der Nutzer Angaben zu seiner Identit\u00e4t macht, und kann vom Unternehmen nicht mit einem bestimmten Nutzer in Verbindung gebracht werden. Falls personenbezogene Daten angegeben werden, werden diese Daten in \u00dcbereinstimmung mit den in der oben genannten Verordnung festgelegten Einschr\u00e4nkungen und Rechten gesammelt und verwendet. Wer ist f\u00fcr die Verarbeitung Ihrer Daten verantwortlich? Identit\u00e4t:&nbsp;RESTAURANTE ACQUOLINA SL NIF:&nbsp;X-0621046-T Postanschrift:&nbsp;Avda. La Marquesa, 22. 03187. Los Montesinos (Alicante) Telefonnummer:&nbsp;966721323 E-Mail:&nbsp;info@restauranteacquolina.es Zu welchem Zweck verarbeiten wir Ihre personenbezogenen Daten? &nbsp;Bei RESTAURANTE ACQUOLINA SL verwenden wir Ihre pers\u00f6nlichen Daten nur, um auf Anfragen zu antworten, die Sie uns \u00fcber die auf unserer Website bereitgestellten Mittel schicken. Die Behandlung, die wir vornehmen, dient ausschlie\u00dflich der Beantwortung der Anfragen, die Sie an uns richten. Was ist die Legitimit\u00e4t f\u00fcr die Verarbeitung Ihrer Daten? Die Rechtsgrundlage f\u00fcr die Verarbeitung Ihrer Daten ist die informierte Zustimmung zur Beantwortung von Anfragen, die \u00fcber die Website gestellt werden, was die Annahme dieser Bedingungen durch den Interessenten voraussetzt. An welche Empf\u00e4nger werden Ihre Daten weitergegeben? Personenbezogene Daten werden nicht an Dritte weitergegeben, es sei denn, es besteht eine gesetzliche Verpflichtung. Wie lange werden wir Ihre Daten aufbewahren? Die Daten werden so lange aufbewahrt, wie es f\u00fcr die Beantwortung von Anfragen erforderlich ist, und danach f\u00fcr 12 Monate, um m\u00f6gliche Fehler oder Missverst\u00e4ndnisse zu vermeiden. Welche Rechte haben Sie, wenn Sie uns Ihre Daten zur Verf\u00fcgung stellen? &nbsp;Sie haben das Recht, eine Best\u00e4tigung dar\u00fcber zu erhalten, ob die RESTAURANTE ACQUOLINA SL Sie betreffende personenbezogene Daten verarbeitet oder nicht. Sie haben au\u00dferdem das Recht, auf Ihre personenbezogenen Daten zuzugreifen sowie die Berichtigung unrichtiger Daten oder gegebenenfalls deren L\u00f6schung zu verlangen, wenn die Daten unter anderem f\u00fcr die Zwecke, f\u00fcr die sie erhoben wurden, nicht mehr erforderlich sind, sowie ihre \u00dcbertragbarkeit zu verlangen. Unter bestimmten Umst\u00e4nden k\u00f6nnen Sie verlangen, dass wir die Verarbeitung Ihrer Daten einschr\u00e4nken. In diesem Fall werden wir sie nur zum Zweck der Geltendmachung oder Abwehr von Anspr\u00fcchen aufbewahren. Aus Gr\u00fcnden, die sich auf Ihre besondere Situation beziehen, k\u00f6nnen Sie auch der Verarbeitung Ihrer Daten widersprechen. &nbsp;RESTAURANTE ACQUOLINA SL wird die Verarbeitung der Daten einstellen, es sei denn, es liegen zwingende legitime Gr\u00fcnde oder die Aus\u00fcbung oder Verteidigung m\u00f6glicher Anspr\u00fcche vor. Denken Sie daran, dass Sie jederzeit eine Beschwerde bei der Aufsichtsbeh\u00f6rde einreichen k\u00f6nnen. Wie haben wir Ihre Daten erhalten? Die von uns verarbeiteten personenbezogenen Daten wurden direkt von Ihnen \u00fcber die verschiedenen auf der Website verf\u00fcgbaren Formulare bereitgestellt. Es werden ausschlie\u00dflich die angegebenen Identifikations- und Kontaktdaten verarbeitet.","og_url":"https:\/\/restauranteacquolina.es\/de\/datenschutzrichtlinie\/","og_site_name":"Restaurante Acquolina","article_modified_time":"2024-09-23T10:43:17+00:00","og_image":[{"width":1200,"height":1600,"url":"https:\/\/restauranteacquolina.es\/wp-content\/uploads\/2024\/09\/WhatsApp-Image-2024-09-06-at-20.03.42-5.jpeg","type":"image\/jpeg"}],"twitter_card":"summary_large_image","twitter_misc":{"Gesch\u00e4tzte Lesezeit":"2\u00a0Minuten"},"schema":{"@context":"https:\/\/schema.org","@graph":[{"@type":"WebPage","@id":"https:\/\/restauranteacquolina.es\/de\/datenschutzrichtlinie\/","url":"https:\/\/restauranteacquolina.es\/de\/datenschutzrichtlinie\/","name":"Datenschutzrichtlinie - Restaurante Acquolina","isPartOf":{"@id":"https:\/\/restauranteacquolina.es\/de\/#website"},"datePublished":"2024-09-11T11:12:08+00:00","dateModified":"2024-09-23T10:43:17+00:00","breadcrumb":{"@id":"https:\/\/restauranteacquolina.es\/de\/datenschutzrichtlinie\/#breadcrumb"},"inLanguage":"de","potentialAction":[{"@type":"ReadAction","target":["https:\/\/restauranteacquolina.es\/de\/datenschutzrichtlinie\/"]}]},{"@type":"BreadcrumbList","@id":"https:\/\/restauranteacquolina.es\/de\/datenschutzrichtlinie\/#breadcrumb","itemListElement":[{"@type":"ListItem","position":1,"name":"Portada","item":"https:\/\/restauranteacquolina.es\/de\/"},{"@type":"ListItem","position":2,"name":"Datenschutzrichtlinie"}]},{"@type":"WebSite","@id":"https:\/\/restauranteacquolina.es\/de\/#website","url":"https:\/\/restauranteacquolina.es\/de\/","name":"Restaurante Acquolina","description":"Restaurante Acquolina en La Mata, Torrevieja. Pizzas, arroces, carnes y pescados de la mejor calidad.","publisher":{"@id":"https:\/\/restauranteacquolina.es\/de\/#organization"},"alternateName":"Acquolina","potentialAction":[{"@type":"SearchAction","target":{"@type":"EntryPoint","urlTemplate":"https:\/\/restauranteacquolina.es\/de\/?s={search_term_string}"},"query-input":{"@type":"PropertyValueSpecification","valueRequired":true,"valueName":"search_term_string"}}],"inLanguage":"de"},{"@type":"Organization","@id":"https:\/\/restauranteacquolina.es\/de\/#organization","name":"Restaurante Acquolina","alternateName":"Restaurante Acquolina","url":"https:\/\/restauranteacquolina.es\/de\/","logo":{"@type":"ImageObject","inLanguage":"de","@id":"https:\/\/restauranteacquolina.es\/de\/#\/schema\/logo\/image\/","url":"https:\/\/restauranteacquolina.es\/wp-content\/uploads\/2024\/10\/cropped-LOGO-ACQUOLINA_T-2.webp","contentUrl":"https:\/\/restauranteacquolina.es\/wp-content\/uploads\/2024\/10\/cropped-LOGO-ACQUOLINA_T-2.webp","width":1570,"height":658,"caption":"Restaurante Acquolina"},"image":{"@id":"https:\/\/restauranteacquolina.es\/de\/#\/schema\/logo\/image\/"}}]}},"_links":{"self":[{"href":"https:\/\/restauranteacquolina.es\/de\/wp-json\/wp\/v2\/pages\/1347","targetHints":{"allow":["GET"]}}],"collection":[{"href":"https:\/\/restauranteacquolina.es\/de\/wp-json\/wp\/v2\/pages"}],"about":[{"href":"https:\/\/restauranteacquolina.es\/de\/wp-json\/wp\/v2\/types\/page"}],"author":[{"embeddable":true,"href":"https:\/\/restauranteacquolina.es\/de\/wp-json\/wp\/v2\/users\/1"}],"replies":[{"embeddable":true,"href":"https:\/\/restauranteacquolina.es\/de\/wp-json\/wp\/v2\/comments?post=1347"}],"version-history":[{"count":0,"href":"https:\/\/restauranteacquolina.es\/de\/wp-json\/wp\/v2\/pages\/1347\/revisions"}],"wp:attachment":[{"href":"https:\/\/restauranteacquolina.es\/de\/wp-json\/wp\/v2\/media?parent=1347"}],"curies":[{"name":"wp","href":"https:\/\/api.w.org\/{rel}","templated":true}]}}